{"id":1963,"date":"2017-02-17T01:52:57","date_gmt":"2017-02-17T01:52:57","guid":{"rendered":"http:\/\/law.pinsupreme.com\/?page_id=4"},"modified":"2025-01-07T14:45:21","modified_gmt":"2025-01-07T13:45:21","slug":"home","status":"publish","type":"page","link":"https:\/\/opussimplex.com\/english\/","title":{"rendered":"Home"},"content":{"rendered":"<div class=\"vc_row wpb_row vc_row-fluid\"><div class=\"wpb_column vc_column_container vc_col-sm-12\"><div class=\"vc_column-inner\"><div class=\"wpb_wrapper\">\n  <div class=\"os-container\">\n    <div class=\"os-slider-w style-v2 without-controls\" data-autoslide=\"0\">\n      <div class=\"os-slider-i\">\n        <div class=\"slide-navi-prev-v2\"><i class=\"os-icon os-icon-arrow-left2\"><\/i><\/div><div class=\"slide-navi-next-v2\"><i class=\"os-icon os-icon-arrow-right2\"><\/i><\/div>\n        <div class=\"scroll-arrow\">\n          <i class=\"os-icon os-icon-arrow-1-down arrow-first\"><\/i>\n          <i class=\"os-icon os-icon-arrow-1-down arrow-second\"><\/i>\n          <i class=\"os-icon os-icon-arrow-1-down arrow-third\"><\/i>\n          <i class=\"os-icon os-icon-mouse-2 arrow-mouse\"><\/i>\n        <\/div>\n        <svg class=\"os-intro-scroll-bg\" width=\"193px\" height=\"47px\" viewbox=\"0 0 193 47\" version=\"1.1\" xmlns=\"http:\/\/www.w3.org\/2000\/svg\" xmlns:xlink=\"http:\/\/www.w3.org\/1999\/xlink\">\n          <path d=\"M96.4967964,0.16015625 C143.388672,0.16015625 161.011719,32.3546569 193,46.4859222 L-1.02318154e-12,46.4859222 C31.6328125,29.2287075 49.6049209,0.16015625 96.4967964,0.16015625 Z\" id=\"Rectangle-5\" fill=\"#FFFFFF\"><\/path>\n        <\/svg><div class=\"os-slide-w active side-right\" data-slide-id=\"1\">\n                    <div class=\"os-slide\">\n                      <div class=\"os-slide-bg\" style=\"background-image: url(https:\/\/opussimplex.com\/wp-content\/uploads\/2017\/03\/banner-feher.jpg);\"><\/div>\n                      <div class=\"os-slide-content\"><div class=\"slide-navi-prev\"><i class=\"os-icon os-icon-arrow-left2\"><\/i><\/div><div class=\"slide-navi-next\"><i class=\"os-icon os-icon-arrow-right2\"><\/i><\/div><div class=\"os-slide-shade\" style=\"background-color:#ba9c6a; \"><\/div>\n                        \n                        <div class=\"os-slide-content-i\"><h1>Attention. Understanding. Solution.<\/h1>\n<p>Our aim is to give comprehensive advice by understanding the actual business challenge, because that is how we can help our partners to develop.<br \/>\n<br \/>\n<a style=\"\" href=\"\/english\/#rowConsult\" class=\"os-btn gold outline under\" title=\"\"><span>Request a free consultation<\/span><\/a><br \/>\n<br \/>\n<a style=\"\" href=\"#rowConsult\" class=\"os-btn white outline medium rounded\" title=\"\"><span>More<\/span><\/a><\/p>\n<\/div>\n                      <\/div>\n                    <\/div>\n                  <\/div><div class=\"os-slide-w  side-left\" data-slide-id=\"2\">\n                    <div class=\"os-slide\">\n                      <div class=\"os-slide-bg\" style=\"background-image: url(https:\/\/opussimplex.com\/wp-content\/uploads\/2017\/02\/pic13.jpg);\"><\/div>\n                      <div class=\"os-slide-content\"><div class=\"slide-navi-prev\"><i class=\"os-icon os-icon-arrow-left2\"><\/i><\/div><div class=\"slide-navi-next\"><i class=\"os-icon os-icon-arrow-right2\"><\/i><\/div><div class=\"os-slide-shade\" style=\"background-color:#ba9c6a; \"><\/div>\n                        \n                        <div class=\"os-slide-content-i\"><h1>Strong Team of Leaders<\/h1>\n<p>Great success rate, recovering millions every year since 1992. If you or someone you love has suffered the consequences of another person\u2019s negligence.<\/p>\n<a style=\"\" href=\"\/english\/#rowConsult\" class=\"os-btn white solid medium rounded\" title=\"\"><i class=\"os-icon os-icon-book-6\"><\/i><span>Free Consultation<\/span><\/a>\n<\/div>\n                      <\/div>\n                    <\/div>\n                  <\/div><div class=\"os-slide-w  side-center\" data-slide-id=\"3\">\n                    <div class=\"os-slide\">\n                      <div class=\"os-slide-bg\" style=\"background-image: url(https:\/\/opussimplex.com\/wp-content\/uploads\/2017\/02\/pattern2-1.jpg);\"><\/div>\n                      <div class=\"os-slide-content\"><div class=\"slide-navi-prev\"><i class=\"os-icon os-icon-arrow-left2\"><\/i><\/div><div class=\"slide-navi-next\"><i class=\"os-icon os-icon-arrow-right2\"><\/i><\/div><div class=\"os-slide-shade\" style=\"background-color:#ba9c6a; \"><\/div>\n                        \n                        <div class=\"os-slide-content-i\"><h1>History <strong>Based<\/strong> Recovery<\/h1>\n<p>Look if by accounts your the there were project she ourselves, the ago, the most client life it away, right, he made to that quite.<\/p>\n<a style=\"\" href=\"\/english\/#rowConsult\" class=\"os-btn white outline medium rounded\" title=\"\"><i class=\"os-icon os-icon-book-6\"><\/i><span>Free Consultation<\/span><\/a>\n<\/div>\n                      <\/div>\n                    <\/div>\n                  <\/div>\n      <\/div>\n      <div class=\"slider-controls\"><div class=\"control-slide active\" data-slide-id=\"1\">\n                              <div class=\"cs-icon\"><i class=\"\"><\/i><\/div>\n                              <div class=\"cs-description-w\">\n                                <div class=\"cs-label\"><\/div>\n                                <div class=\"cs-description\"><\/div>\n                              <\/div>\n                            <\/div><div class=\"control-slide\" data-slide-id=\"2\">\n                              <div class=\"cs-icon\"><i class=\"\"><\/i><\/div>\n                              <div class=\"cs-description-w\">\n                                <div class=\"cs-label\"><\/div>\n                                <div class=\"cs-description\"><\/div>\n                              <\/div>\n                            <\/div><div class=\"control-slide\" data-slide-id=\"3\">\n                              <div class=\"cs-icon\"><i class=\"\"><\/i><\/div>\n                              <div class=\"cs-description-w\">\n                                <div class=\"cs-label\"><\/div>\n                                <div class=\"cs-description\"><\/div>\n                              <\/div>\n                            <\/div><\/div>\n    <\/div>\n  <\/div><\/div><\/div><\/div><\/div><div class=\"vc_row wpb_row vc_row-fluid vc_custom_1490333168059 vc_row-has-fill\"><div class=\"wpb_column vc_column_container vc_col-sm-3\"><div class=\"vc_column-inner vc_custom_1490333111552\"><div class=\"wpb_wrapper\"><div class=\"os-counter-with-icon  color-scheme-light\">\n                <div class=\"cwi-icon-w\"><i class=\"os-icon os-icon-thin-0091_file_profile_user_personal\" style=\"color: #dd0000;font-size: 55px;\"><\/i><\/div>\n                <div class=\"cwi-content-w\">\n                  <h5 class=\"cwi-header\" style=\"\">5,340<\/h5>\n                  <div class=\"cwi-desc\">Data subject employee<\/div>\n                <\/div>\n            <\/div><\/div><\/div><\/div><div class=\"wpb_column vc_column_container vc_col-sm-3 vc_col-has-fill\"><div class=\"vc_column-inner vc_custom_1490333116945\"><div class=\"wpb_wrapper\"><div class=\"os-counter-with-icon  color-scheme-light\">\n                <div class=\"cwi-icon-w\"><i class=\"os-icon os-icon-thin-0100_to_do_list_reminder_done\" style=\"color: #dd0000;font-size: 55px;\"><\/i><\/div>\n                <div class=\"cwi-content-w\">\n                  <h5 class=\"cwi-header\" style=\"\">276<\/h5>\n                  <div class=\"cwi-desc\">Client<\/div>\n                <\/div>\n            <\/div><\/div><\/div><\/div><div class=\"wpb_column vc_column_container vc_col-sm-3\"><div class=\"vc_column-inner vc_custom_1490333122699\"><div class=\"wpb_wrapper\"><div class=\"os-counter-with-icon  color-scheme-light\">\n                <div class=\"cwi-icon-w\"><i class=\"os-icon os-icon-thin-0705_user_profile_security_password_permissions\" style=\"color: #dd0000;font-size: 55px;\"><\/i><\/div>\n                <div class=\"cwi-content-w\">\n                  <h5 class=\"cwi-header\" style=\"\">23<\/h5>\n                  <div class=\"cwi-desc\">DPO position<\/div>\n                <\/div>\n            <\/div><\/div><\/div><\/div><div class=\"wpb_column vc_column_container vc_col-sm-3 vc_col-has-fill\"><div class=\"vc_column-inner vc_custom_1490333127741\"><div class=\"wpb_wrapper\"><div class=\"os-counter-with-icon  color-scheme-light\">\n                <div class=\"cwi-icon-w\"><i class=\"os-icon os-icon-thin-1038_study_university_school_degree_graduate\" style=\"color: #dd0000;font-size: 55px;\"><\/i><\/div>\n                <div class=\"cwi-content-w\">\n                  <h5 class=\"cwi-header\" style=\"\">50+<\/h5>\n                  <div class=\"cwi-desc\">Trainings held in 2020<\/div>\n                <\/div>\n            <\/div><\/div><\/div><\/div><\/div><div class=\"vc_row wpb_row vc_row-fluid\"><div class=\"wpb_column vc_column_container vc_col-sm-12\"><div class=\"vc_column-inner\"><div class=\"wpb_wrapper\"><div class=\"os-container\"><div class=\"os-text-and-image  color-scheme-light\"><div class=\"container-fluid\">\n              <div class=\"row\"><div class=\"col-md-6 os-ti-image\" style=\"background-image: url(https:\/\/opussimplex.com\/wp-content\/uploads\/2020\/03\/Depositphotos_24461927_s-2019.jpg);\"><\/div><div class=\"col-md-6\"><div class=\"os-ti-content-left\"><h2 class=\"p1\"><span style=\"vertical-align: inherit;\"><span style=\"vertical-align: inherit;\">Simply. Outstandingly. Comprehensively.<\/span><\/span><\/h2>\n<p class=\"p1\"><span style=\"vertical-align: inherit;\"><span style=\"vertical-align: inherit;\">While practising our profession we aim at providing outstanding performance in the areas that we know well. We do not believe that we are competent in all domains; we set ourselves the objective to provide our clients with easy-to-understand and transparent advice in labour and related topics, which is also well-thought-out in every aspect.<\/span><\/span><\/p>\n<p><a class=\"os-btn rounded\" href=\"https:\/\/opussimplex.com\/english\/cegunkrol\/\">More about our company<\/a><\/p>\n<div id=\"gtx-trans\" style=\"position: absolute; left: 503px; top: 209.812px;\">\n<div class=\"gtx-trans-icon\"><\/div>\n<\/div>\n<\/div><\/div><\/div>\n            <\/div><\/div><\/div><\/div><\/div><\/div><\/div><div class=\"vc_row wpb_row vc_row-fluid vc_custom_1490331598404 vc_row-has-fill\"><div class=\"wpb_column vc_column_container vc_col-sm-6 vc_col-lg-3\"><div class=\"vc_column-inner vc_custom_1490768520136\"><div class=\"wpb_wrapper\"><div class=\"os-feature-with-icon color-scheme-light text-align-center media-position-top\">\n                <div class=\"fwi-media-w\" style=\"\"><i class=\"os-icon os-icon-thin-0017_office_archive\" style=\"\"><\/i><\/div>\n                <div class=\"fwi-content-w\">\n                  <h5 class=\"fwi-header\" style=\"\">Labor law and employment<\/h5>\n                  <div class=\"fwi-content\"><\/div>\n                  <div class=\"fwi-link-w without-class\"><a href=\"\/english\/munkajog-foglalkoztatas\/\">Details<\/a><\/div>\n                <\/div>\n            <\/div><\/div><\/div><\/div><div class=\"wpb_column vc_column_container vc_col-sm-6 vc_col-lg-3 vc_col-has-fill\"><div class=\"vc_column-inner vc_custom_1490768509171\"><div class=\"wpb_wrapper\"><div class=\"os-feature-with-icon color-scheme-light text-align-center media-position-top\">\n                <div class=\"fwi-media-w\" style=\"\"><i class=\"os-icon os-icon-thin-0640_security_lock_protected\" style=\"\"><\/i><\/div>\n                <div class=\"fwi-content-w\">\n                  <h5 class=\"fwi-header\" style=\"\">Data protection<br>\u00a0\u00a0<\/h5>\n                  <div class=\"fwi-content\"><\/div>\n                  <div class=\"fwi-link-w without-class\"><a href=\"\/english\/adatvedelem\/\">Details<\/a><\/div>\n                <\/div>\n            <\/div><\/div><\/div><\/div><div class=\"wpb_column vc_column_container vc_col-sm-6 vc_col-lg-3\"><div class=\"vc_column-inner vc_custom_1490768493913\"><div class=\"wpb_wrapper\"><div class=\"os-feature-with-icon color-scheme-light text-align-center media-position-top\">\n                <div class=\"fwi-media-w\" style=\"\"><i class=\"os-icon os-icon-thin-0511_suitcase_tag_travel_baggage_luggage\" style=\"\"><\/i><\/div>\n                <div class=\"fwi-content-w\">\n                  <h5 class=\"fwi-header\" style=\"\">Employment of foreigners<\/h5>\n                  <div class=\"fwi-content\"><\/div>\n                  <div class=\"fwi-link-w without-class\"><a href=\"\/english\/kulfoldiek-foglalkoztatasa\/\">Details<\/a><\/div>\n                <\/div>\n            <\/div><\/div><\/div><\/div><div class=\"wpb_column vc_column_container vc_col-sm-6 vc_col-lg-3 vc_col-md-6 vc_col-has-fill\"><div class=\"vc_column-inner vc_custom_1490768474649\"><div class=\"wpb_wrapper\"><div class=\"os-feature-with-icon color-scheme-light text-align-center media-position-top\">\n                <div class=\"fwi-media-w\" style=\"\"><i class=\"os-icon os-icon-thin-0111_folder_files_documents\" style=\"\"><\/i><\/div>\n                <div class=\"fwi-content-w\">\n                  <h5 class=\"fwi-header\" style=\"\">Tax and social security<\/h5>\n                  <div class=\"fwi-content\"><\/div>\n                  <div class=\"fwi-link-w without-class\"><a href=\"\/english\/adojog-es-tarsadalombiztositasi-jog\/\">Details<\/a><\/div>\n                <\/div>\n            <\/div><\/div><\/div><\/div><\/div><div class=\"vc_row wpb_row vc_row-fluid\"><div class=\"wpb_column vc_column_container vc_col-sm-12\"><div class=\"vc_column-inner\"><div class=\"wpb_wrapper\">\n  <div class=\"os-container\">\n    <div class=\"os-section-description align-center desc-compact  color-scheme-light\"><div class=\"os-section-description-i\"><div class=\"section-description-sub-header\">Current<\/div><div class=\"section-description-content\"><h3>Blogs<\/h3>\n<\/div>\n    <\/div><\/div>\n  <\/div><\/div><\/div><\/div><\/div><div class=\"vc_row wpb_row vc_row-fluid\"><div class=\"wpb_column vc_column_container vc_col-sm-12\"><div class=\"vc_column-inner\"><div class=\"wpb_wrapper\">\n  <div class=\"os-container\">\n    <div class=\"os-recent-posts   color-scheme-light\">\n      <div class=\"container-fluid\"><div class=\"recent-posts-slider\"><div class=\"recent-post-w\"><div class=\"recent-post-i\" style=\"\"><a href=\"https:\/\/opussimplex.com\/english\/adatvedelem\/\" class=\"recent-post-media\" style=\"background-image: url(https:\/\/opussimplex.com\/wp-content\/uploads\/2020\/01\/Depositphotos_187858632_l-2015-1-1300x867.jpg);\"><\/a><h6><a href=\"https:\/\/opussimplex.com\/english\/adatvedelem\/\">Data protection<br>\u00a0\u00a0<\/a><\/h6><\/div><\/div><div class=\"recent-post-w\"><div class=\"recent-post-i\" style=\"\"><a href=\"https:\/\/opussimplex.com\/english\/munkaszuneti-napok-es-athelyezett-munkanapok-2025-ben\/\" class=\"recent-post-media\" style=\"background-image: url(https:\/\/opussimplex.com\/wp-content\/uploads\/2025\/03\/pexels-bertellifotografia-29509472-1300x867.jpg);\"><\/a><h6><a href=\"https:\/\/opussimplex.com\/english\/munkaszuneti-napok-es-athelyezett-munkanapok-2025-ben\/\">Munkasz\u00fcneti napok \u00e9s \u00e1thelyezett munkanapok 2025-ben<\/a><\/h6><\/div><\/div><div class=\"recent-post-w\"><div class=\"recent-post-i\" style=\"\"><a href=\"https:\/\/opussimplex.com\/english\/2025-09-17-2025-11-19-minositett-nemzetkozi-tb-szakerto-online-kepzes\/\" class=\"recent-post-media\" style=\"background-image: url(https:\/\/opussimplex.com\/wp-content\/uploads\/2021\/11\/kulfoldi-munkavegzes-1300x781.jpeg);\"><\/a><h6><a href=\"https:\/\/opussimplex.com\/english\/2025-09-17-2025-11-19-minositett-nemzetkozi-tb-szakerto-online-kepzes\/\">2025.09.17.-2025.11.19. \u2013 Min\u0151s\u00edtett nemzetk\u00f6zi TB szak\u00e9rt\u0151 (online k\u00e9pz\u00e9s)<\/a><\/h6><\/div><\/div><div class=\"recent-post-w\"><div class=\"recent-post-i\" style=\"\"><a href=\"https:\/\/opussimplex.com\/english\/2025-05-05-2025-05-08-adozas-aktualis-kerdesei-kreditpontos-szakmai-konferencia\/\" class=\"recent-post-media\" style=\"background-image: url(https:\/\/opussimplex.com\/wp-content\/uploads\/2023\/04\/event-venue-1597531_1920-1300x865.jpg);\"><\/a><h6><a href=\"https:\/\/opussimplex.com\/english\/2025-05-05-2025-05-08-adozas-aktualis-kerdesei-kreditpontos-szakmai-konferencia\/\">2025.05.05-2025.05.08 \u2013 Ad\u00f3z\u00e1s aktu\u00e1lis k\u00e9rd\u00e9sei KREDITPONTOS szakmai konferencia<\/a><\/h6><\/div><\/div><div class=\"recent-post-w\"><div class=\"recent-post-i\" style=\"\"><a href=\"https:\/\/opussimplex.com\/english\/2025-05-07-2025-05-28-munkaugyi-szakember-kepzes-3-alkalom\/\" class=\"recent-post-media\" style=\"background-image: url(https:\/\/opussimplex.com\/wp-content\/uploads\/2023\/04\/study-3698155_1920-1300x865.jpg);\"><\/a><h6><a href=\"https:\/\/opussimplex.com\/english\/2025-05-07-2025-05-28-munkaugyi-szakember-kepzes-3-alkalom\/\">2025.05.07-2025.05.28 &#8211; Munka\u00fcgyi szakember k\u00e9pz\u00e9s (3 alkalom)<\/a><\/h6><\/div><\/div><div class=\"recent-post-w\"><div class=\"recent-post-i\" style=\"\"><a href=\"https:\/\/opussimplex.com\/english\/testkamera-a-munkahelyen-jogszeru-vagy-kerulendo\/\" class=\"recent-post-media\" style=\"background-image: url(https:\/\/opussimplex.com\/wp-content\/uploads\/2025\/03\/lens-582605_1280.jpg);\"><\/a><h6><a href=\"https:\/\/opussimplex.com\/english\/testkamera-a-munkahelyen-jogszeru-vagy-kerulendo\/\">Testkamera a munkahelyen \u2013 Jogszer\u0171 vagy ker\u00fclend\u0151?<\/a><\/h6><\/div><\/div><div class=\"recent-post-w\"><div class=\"recent-post-i\" style=\"\"><a href=\"https:\/\/opussimplex.com\/english\/2025-04-10-balesetek-uzemisegenek-kivizsgalasa\/\" class=\"recent-post-media\" style=\"background-image: url(https:\/\/opussimplex.com\/wp-content\/uploads\/2023\/07\/worker-5736096_1280.jpg);\"><\/a><h6><a href=\"https:\/\/opussimplex.com\/english\/2025-04-10-balesetek-uzemisegenek-kivizsgalasa\/\">2025.04.10. &#8211; Balesetek \u00fczemis\u00e9g\u00e9nek kivizsg\u00e1l\u00e1sa<\/a><\/h6><\/div><\/div>\n      <\/div><\/div>\n    <\/div>\n  <\/div><\/div><\/div><\/div><\/div><div class=\"vc_row wpb_row vc_row-fluid\"><div class=\"wpb_column vc_column_container vc_col-sm-12\"><div class=\"vc_column-inner\"><div class=\"wpb_wrapper\">\n\t<div  class=\"wpb_single_image wpb_content_element vc_align_center\">\n\t\t\n\t\t<figure class=\"wpb_wrapper vc_figure\">\n\t\t\t<div class=\"vc_single_image-wrapper   vc_box_border_grey\"><img loading=\"lazy\" decoding=\"async\" width=\"1920\" height=\"49\" src=\"https:\/\/opussimplex.com\/wp-content\/uploads\/2019\/10\/separator-scaled.jpg\" class=\"vc_single_image-img attachment-full\" alt=\"\" srcset=\"https:\/\/opussimplex.com\/wp-content\/uploads\/2019\/10\/separator-scaled.jpg 1920w, https:\/\/opussimplex.com\/wp-content\/uploads\/2019\/10\/separator-scaled-300x8.jpg 300w, https:\/\/opussimplex.com\/wp-content\/uploads\/2019\/10\/separator-scaled-1024x26.jpg 1024w, https:\/\/opussimplex.com\/wp-content\/uploads\/2019\/10\/separator-scaled-768x20.jpg 768w, https:\/\/opussimplex.com\/wp-content\/uploads\/2019\/10\/separator-scaled-1536x39.jpg 1536w, https:\/\/opussimplex.com\/wp-content\/uploads\/2019\/10\/separator-scaled-2048x52.jpg 2048w, https:\/\/opussimplex.com\/wp-content\/uploads\/2019\/10\/separator-scaled-500x13.jpg 500w, https:\/\/opussimplex.com\/wp-content\/uploads\/2019\/10\/separator-scaled-1300x33.jpg 1300w, https:\/\/opussimplex.com\/wp-content\/uploads\/2019\/10\/separator-scaled-20x1.jpg 20w\" sizes=\"auto, (max-width: 1920px) 100vw, 1920px\" \/><\/div>\n\t\t<\/figure>\n\t<\/div>\n\n\t<div  class=\"wpb_single_image wpb_content_element vc_align_center\">\n\t\t\n\t\t<figure class=\"wpb_wrapper vc_figure\">\n\t\t\t<div class=\"vc_single_image-wrapper   vc_box_border_grey\"><img loading=\"lazy\" decoding=\"async\" width=\"1440\" height=\"135\" src=\"https:\/\/opussimplex.com\/wp-content\/uploads\/2020\/01\/header_menu-jpg.jpg\" class=\"vc_single_image-img attachment-full\" alt=\"\" srcset=\"https:\/\/opussimplex.com\/wp-content\/uploads\/2020\/01\/header_menu-jpg.jpg 1440w, https:\/\/opussimplex.com\/wp-content\/uploads\/2020\/01\/header_menu-jpg-300x28.jpg 300w, https:\/\/opussimplex.com\/wp-content\/uploads\/2020\/01\/header_menu-jpg-1024x96.jpg 1024w, https:\/\/opussimplex.com\/wp-content\/uploads\/2020\/01\/header_menu-jpg-768x72.jpg 768w, https:\/\/opussimplex.com\/wp-content\/uploads\/2020\/01\/header_menu-jpg-500x47.jpg 500w, https:\/\/opussimplex.com\/wp-content\/uploads\/2020\/01\/header_menu-jpg-1300x122.jpg 1300w, https:\/\/opussimplex.com\/wp-content\/uploads\/2020\/01\/header_menu-jpg-20x2.jpg 20w\" sizes=\"auto, (max-width: 1440px) 100vw, 1440px\" \/><\/div>\n\t\t<\/figure>\n\t<\/div>\n<\/div><\/div><\/div><\/div>","protected":false},"excerpt":{"rendered":"A Hunder MS Kft. online el\u0151ad\u00e1s\u00e1n a szak\u00e9rt\u0151k gyakorlati p\u00e9ld\u00e1kon kereszt\u00fcl k\u00eds\u00e9rik v\u00e9gig az \u00fcgyint\u00e9z\u00e9s folyamat\u00e1t a balesetek bek\u00f6vetkez\u00e9s\u00e9t\u0151l, a kivizsg\u00e1l\u00e1son \u00e1t, eg\u00e9szen a hat\u00e1rozathozatalig. Kifizet\u0151helyi \u00fcgyint\u00e9z\u0151knek, foglalkoztat\u00f3knak, k\u00f6nyvel\u0151irod\u00e1knak, munkav\u00e9delmi szakembereknek seg\u00edt a k\u00e9pz\u00e9s a balesetek kivizsg\u00e1l\u00e1s\u00e1ban, valamint azok \u00fczemis\u00e9g\u00e9nek elb\u00edr\u00e1l\u00e1s\u00e1ban. Fontos, hogy a kivizsg\u00e1l\u00e1sban szerepl\u0151k tiszt\u00e1ban legyenek azzal, hogy a balesetek bek\u00f6vetkezt\u00e9t k\u00f6vet\u0151en milyen...<div class=\" [...]\"><a href=\"https:\/\/opussimplex.com\/english\/2025-04-10-balesetek-uzemisegenek-kivizsgalasa\/\">Read More<\/a><\/div>","protected":false},"author":1,"featured_media":0,"parent":0,"menu_order":0,"comment_status":"closed","ping_status":"closed","template":"page-home.php","meta":{"footnotes":""},"class_list":["post-1963","page","type-page","status-publish","hentry"],"_links":{"self":[{"href":"https:\/\/opussimplex.com\/english\/wp-json\/wp\/v2\/pages\/1963","targetHints":{"allow":["GET"]}}],"collection":[{"href":"https:\/\/opussimplex.com\/english\/wp-json\/wp\/v2\/pages"}],"about":[{"href":"https:\/\/opussimplex.com\/english\/wp-json\/wp\/v2\/types\/page"}],"author":[{"embeddable":true,"href":"https:\/\/opussimplex.com\/english\/wp-json\/wp\/v2\/users\/1"}],"replies":[{"embeddable":true,"href":"https:\/\/opussimplex.com\/english\/wp-json\/wp\/v2\/comments?post=1963"}],"version-history":[{"count":39,"href":"https:\/\/opussimplex.com\/english\/wp-json\/wp\/v2\/pages\/1963\/revisions"}],"predecessor-version":[{"id":4899,"href":"https:\/\/opussimplex.com\/english\/wp-json\/wp\/v2\/pages\/1963\/revisions\/4899"}],"wp:attachment":[{"href":"https:\/\/opussimplex.com\/english\/wp-json\/wp\/v2\/media?parent=1963"}],"curies":[{"name":"wp","href":"https:\/\/api.w.org\/{rel}","templated":true}]}}