{"id":2261,"date":"2019-09-26T11:31:54","date_gmt":"2019-09-26T09:31:54","guid":{"rendered":"https:\/\/opussimplex.com\/?page_id=2261"},"modified":"2020-09-02T22:49:15","modified_gmt":"2020-09-02T20:49:15","slug":"a-csapat","status":"publish","type":"page","link":"https:\/\/opussimplex.com\/english\/cegunkrol\/a-csapat\/","title":{"rendered":"Our team"},"content":{"rendered":"<div class=\"vc_row wpb_row vc_row-fluid\"><div class=\"wpb_column vc_column_container vc_col-sm-12\"><div class=\"vc_column-inner\"><div class=\"wpb_wrapper\">\n\t<div class=\"wpb_text_column wpb_content_element \" >\n\t\t<div class=\"wpb_wrapper\">\n\t\t\t<p><span style=\"font-weight: 400;\">Hisz\u00fcnk a csapatmunk\u00e1ban, \u00e9s abban, hogy egy\u00fctt eredm\u00e9nyesebbek lehet\u00fcnk, mint \u00f6n\u00e1ll\u00f3an. Nem gondoljuk, hogy a siker felt\u00e9tlen\u00fcl azzal j\u00e1r egy\u00fctt, hogy a munk\u00e1t mindenek f\u00f6l\u00e9 kell helyezni; a munka \u00e9s a mag\u00e1n\u00e9let \u00f6sszhangj\u00e1nak biztos\u00edt\u00e1sa sz\u00e1munkra kiemelten fontos \u00e9rt\u00e9k. Az egy\u00fcttm\u0171k\u00f6d\u00e9s, a feladatmegoszt\u00e1s \u00e9s a k\u00f6z\u00f6s munka eredm\u00e9nyeit nap mint nap tapasztaljuk mi is \u00e9s \u00fcgyfeleink is. Munkat\u00e1rsainkat a lehet\u0151 legmagasabb szakmai sz\u00ednvonal el\u00e9r\u00e9s\u00e9re \u00e9s arra \u00f6szt\u00f6n\u00f6zz\u00fck, hogy tud\u00e1sukat egyre \u00fajabb ter\u00fcleteken b\u0151v\u00edts\u00e9k ki, amit ut\u00e1na felel\u0151ss\u00e9gteljesen haszn\u00e1lhatnak fel.<\/span><\/p>\n\n\t\t<\/div>\n\t<\/div>\n\n  <div class=\"os-container\">\n    <div class=\"os-team-members style_v2   color-scheme-light\">\n      <div class=\"container-fluid\"><div class=\"team-member\"><div class=\"row align-items-center \"><div class=\"col-md-4 os-tm-image\"><img decoding=\"async\" alt=\"dr. Tak\u00e1cs G\u00e1bor\" src=\"https:\/\/opussimplex.com\/wp-content\/uploads\/2017\/01\/G\u00e1bor-kicsi3-682x1024.jpg\"\/><\/div>\n              <div class=\"col-md-8 os-tm-info\">\n                <div class=\"os-tm-info-i\">\n                  <div class=\"os-tm-info-header\">\n                    <h3>dr. Tak\u00e1cs G\u00e1bor<\/h3>\n                    <h6><\/h6>\n                  <\/div>\n                  <div class=\"tm-info-content\">Dr. Tak\u00e1cs G\u00e1bor, munkajog\u00e1sz, az Opus Simplex Kft. egyik alap\u00edt\u00f3ja \u00e9s vezet\u0151je, az Opus Legal Kov\u00e1cs M. Szabolcs \u00dcgyv\u00e9di Iroda szaktan\u00e1csad\u00f3ja. G\u00e1bor munkajogi, foglalkoztat\u00e1si \u00e9s adatkezel\u00e9si k\u00e9rd\u00e9sekkel foglalkozik. Sz\u00e1mos publik\u00e1ci\u00f3, k\u00f6nyv \u00e9s n\u00e9gy komment\u00e1r szerz\u0151je \u00e9s t\u00e1rsszerz\u0151je, rendszeres el\u0151ad\u00f3 szakmai rendezv\u00e9nyeken, a PPKE J\u00c1K Munkajog Tansz\u00e9k\u00e9nek megb\u00edzott oktat\u00f3ja. Gyakorlati munk\u00e1ja sor\u00e1n G\u00e1bor \u00fcgyfelei r\u00e9sz\u00e9re a...<div class=\" [&hellip;]\"><a href=\"https:\/\/opussimplex.com\/english\/team_member\/drtakacsgabor\/\">Read More<\/a><\/div><\/div>\n                  <div class=\"tm-info-read-more\">\n                    <a href=\"https:\/\/opussimplex.com\/english\/team_member\/drtakacsgabor\/\">Olvass tov\u00e1bb<\/a>\n                    \n                  <\/div>\n                <\/div>\n              <\/div><\/div><\/div><div class=\"team-member\"><div class=\"row align-items-center \"><div class=\"col-md-4 os-tm-image\"><img decoding=\"async\" alt=\"dr. K\u00e1rty\u00e1s G\u00e1bor\" src=\"https:\/\/opussimplex.com\/wp-content\/uploads\/2021\/01\/kicsinyitett8-700x1024.jpg\"\/><\/div>\n              <div class=\"col-md-8 os-tm-info\">\n                <div class=\"os-tm-info-i\">\n                  <div class=\"os-tm-info-header\">\n                    <h3>dr. K\u00e1rty\u00e1s G\u00e1bor<\/h3>\n                    <h6><i>A munkajog nem a munkav\u00e1llal\u00f3 vagy a munk\u00e1ltat\u00f3 egyoldal\u00fa gy\u0151zelm\u00e9r\u0151l sz\u00f3l. A c\u00e9l, hogy mindk\u00e9t f\u00e9l sz\u00e1m\u00e1ra m\u0171k\u00f6d\u0151 megold\u00e1st tal\u00e1ljunk, egy munkaviszony csak \u00edgy lehet eredm\u00e9nyes.<\/i><\/h6>\n                  <\/div>\n                  <div class=\"tm-info-content\">Az Opus Simplex vezet\u0151 tan\u00e1csad\u00f3ja. Rendszeresen tart el\u0151ad\u00e1sokat munka\u00fcgyi szakembereknek szervezett gyakorlati tov\u00e1bbk\u00e9pz\u00e9seken \u00e9s hazai, illetve k\u00fclf\u00f6ldi tudom\u00e1nyos konferenci\u00e1kon. Rendszeresen publik\u00e1l szakmai cikkeket, tanulm\u00e1nyokat, kiemelt szakter\u00fcletei az atipikus foglalkoztat\u00e1s, az uni\u00f3s munkajog \u00e9s a kollekt\u00edv munkajog k\u00e9rd\u00e9sei. A P\u00e1zm\u00e1ny P\u00e9ter Katolikus Egyetem Munkajogi Tansz\u00e9k\u00e9nek egyetemi docense. Habilit\u00e1ci\u00f3s \u00e9rtekez\u00e9s\u00e9t a kik\u00fcld\u00f6tt munkav\u00e1llal\u00f3kr\u00f3l, phd dolgozat\u00e1t a munkaer\u0151-k\u00f6lcs\u00f6nz\u00e9sr\u0151l...<div class=\" [&hellip;]\"><a href=\"https:\/\/opussimplex.com\/english\/team_member\/dr-kartyas-gabor\/\">Read More<\/a><\/div><\/div>\n                  <div class=\"tm-info-read-more\">\n                    <a href=\"https:\/\/opussimplex.com\/english\/team_member\/dr-kartyas-gabor\/\">Olvass tov\u00e1bb<\/a>\n                    \n                  <\/div>\n                <\/div>\n              <\/div><\/div><\/div><div class=\"team-member\"><div class=\"row align-items-center \"><div class=\"col-md-4 os-tm-image\"><img decoding=\"async\" alt=\"dr. Kov\u00e1cs Szabolcs\" src=\"https:\/\/opussimplex.com\/wp-content\/uploads\/2019\/11\/Szabi-kicsi-682x1024.jpg\"\/><\/div>\n              <div class=\"col-md-8 os-tm-info\">\n                <div class=\"os-tm-info-i\">\n                  <div class=\"os-tm-info-header\">\n                    <h3>dr. Kov\u00e1cs Szabolcs<\/h3>\n                    <h6><\/h6>\n                  <\/div>\n                  <div class=\"tm-info-content\">Dr. Kov\u00e1cs Szabolcs, jog\u00e1sz-k\u00f6zgazd\u00e1sz, ad\u00f3tan\u00e1csad\u00f3, az Opus Legal Kov\u00e1cs M. Szabolcs \u00dcgyv\u00e9di Iroda alap\u00edt\u00f3ja. Szabolcs munkajogi, foglalkoztat\u00e1si \u00e9s ahhoz kapcsol\u00f3d\u00f3 ad\u00f3z\u00e1si k\u00e9rd\u00e9sekkel foglalkozik. Sz\u00e1mos publik\u00e1ci\u00f3, k\u00f6nyv \u00e9s k\u00e9t komment\u00e1r szerz\u0151je \u00e9s t\u00e1rsszerz\u0151je, szakmai rendezv\u00e9nyek rendszeres el\u0151ad\u00f3ja. Munk\u00e1ja sor\u00e1n \u00fcgyfelei r\u00e9sz\u00e9re foglalkoztat\u00e1si-, b\u00e9r- \u00e9s juttat\u00e1si strukt\u00far\u00e1k l\u00e9trehoz\u00e1s\u00e1ban, bels\u0151 m\u0171k\u00f6d\u00e9si szab\u00e1lyok kialak\u00edt\u00e1s\u00e1ban \u00e9s kollekt\u00edv szerz\u0151d\u00e9sek megk\u00f6t\u00e9s\u00e9ben ny\u00fajt...<div class=\" [&hellip;]\"><a href=\"https:\/\/opussimplex.com\/english\/team_member\/dr-kovacs-szabolcs\/\">Read More<\/a><\/div><\/div>\n                  <div class=\"tm-info-read-more\">\n                    <a href=\"https:\/\/opussimplex.com\/english\/team_member\/dr-kovacs-szabolcs\/\">Olvass tov\u00e1bb<\/a>\n                    \n                  <\/div>\n                <\/div>\n              <\/div><\/div><\/div><div class=\"team-member\"><div class=\"row align-items-center \"><div class=\"col-md-4 os-tm-image\"><img decoding=\"async\" alt=\"dr. Pint\u00e9r Miriam\" src=\"https:\/\/opussimplex.com\/wp-content\/uploads\/2019\/10\/opus_simplex73-682x1024.jpg\"\/><\/div>\n              <div class=\"col-md-8 os-tm-info\">\n                <div class=\"os-tm-info-i\">\n                  <div class=\"os-tm-info-header\">\n                    <h3>dr. Pint\u00e9r Miriam<\/h3>\n                    <h6><\/h6>\n                  <\/div>\n                  <div class=\"tm-info-content\">Dr. Pint\u00e9r Miriam 2017 \u00f3ta az Opus Simplex Kft. tan\u00e1csad\u00f3ja. Kiemelt m\u0171k\u00f6d\u00e9si ter\u00fclete a harmadik orsz\u00e1gbeli \u00e1llampolg\u00e1rok foglalkoztat\u00e1s\u00e1nak t\u00e1mogat\u00e1sa, els\u0151sorban min\u0151s\u00edtett k\u00f6lcs\u00f6nbead\u00f3k vonatkoz\u00e1s\u00e1ban. A harmadik orsz\u00e1gbeli \u00e1llampolg\u00e1rok foglalkoztat\u00e1sa kapcs\u00e1n sz\u00e1mos nyilv\u00e1nos el\u0151ad\u00e1st tartott m\u00e1r, emellett \u00fcgyfeleink sz\u00e1m\u00e1ra bels\u0151 oktat\u00e1sokat is tart a t\u00e9m\u00e1ban ig\u00e9ny szerint magyarul, illetve angolul. Emellett Miriam \u00fcgyfeleink munkaer\u0151-k\u00f6lcs\u00f6nz\u00e9si, illetve munkaer\u0151-k\u00f6zvet\u00edt\u00e9si tev\u00e9kenys\u00e9g\u00e9nek...<div class=\" [&hellip;]\"><a href=\"https:\/\/opussimplex.com\/english\/team_member\/dr-pinter-miriam\/\">Read More<\/a><\/div><\/div>\n                  <div class=\"tm-info-read-more\">\n                    <a href=\"https:\/\/opussimplex.com\/english\/team_member\/dr-pinter-miriam\/\">Olvass tov\u00e1bb<\/a>\n                    \n                  <\/div>\n                <\/div>\n              <\/div><\/div><\/div>\n      <\/div>\n    <\/div>\n  <\/div><\/div><\/div><\/div><\/div>\n","protected":false},"excerpt":{"rendered":"Dr. Pint\u00e9r Miriam 2017 \u00f3ta az Opus Simplex Kft. tan\u00e1csad\u00f3ja. Kiemelt m\u0171k\u00f6d\u00e9si ter\u00fclete a harmadik orsz\u00e1gbeli \u00e1llampolg\u00e1rok foglalkoztat\u00e1s\u00e1nak t\u00e1mogat\u00e1sa, els\u0151sorban min\u0151s\u00edtett k\u00f6lcs\u00f6nbead\u00f3k vonatkoz\u00e1s\u00e1ban. A harmadik orsz\u00e1gbeli \u00e1llampolg\u00e1rok foglalkoztat\u00e1sa kapcs\u00e1n sz\u00e1mos nyilv\u00e1nos el\u0151ad\u00e1st tartott m\u00e1r, emellett \u00fcgyfeleink sz\u00e1m\u00e1ra bels\u0151 oktat\u00e1sokat is tart a t\u00e9m\u00e1ban ig\u00e9ny szerint magyarul, illetve angolul. Emellett Miriam \u00fcgyfeleink munkaer\u0151-k\u00f6lcs\u00f6nz\u00e9si, illetve munkaer\u0151-k\u00f6zvet\u00edt\u00e9si tev\u00e9kenys\u00e9g\u00e9nek...<div class=\" [...]\"><a href=\"https:\/\/opussimplex.com\/english\/team_member\/dr-pinter-miriam\/\">Read More<\/a><\/div>","protected":false},"author":1,"featured_media":0,"parent":2463,"menu_order":0,"comment_status":"closed","ping_status":"closed","template":"","meta":{"footnotes":""},"class_list":["post-2261","page","type-page","status-publish","hentry"],"_links":{"self":[{"href":"https:\/\/opussimplex.com\/english\/wp-json\/wp\/v2\/pages\/2261","targetHints":{"allow":["GET"]}}],"collection":[{"href":"https:\/\/opussimplex.com\/english\/wp-json\/wp\/v2\/pages"}],"about":[{"href":"https:\/\/opussimplex.com\/english\/wp-json\/wp\/v2\/types\/page"}],"author":[{"embeddable":true,"href":"https:\/\/opussimplex.com\/english\/wp-json\/wp\/v2\/users\/1"}],"replies":[{"embeddable":true,"href":"https:\/\/opussimplex.com\/english\/wp-json\/wp\/v2\/comments?post=2261"}],"version-history":[{"count":4,"href":"https:\/\/opussimplex.com\/english\/wp-json\/wp\/v2\/pages\/2261\/revisions"}],"predecessor-version":[{"id":3623,"href":"https:\/\/opussimplex.com\/english\/wp-json\/wp\/v2\/pages\/2261\/revisions\/3623"}],"up":[{"embeddable":true,"href":"https:\/\/opussimplex.com\/english\/wp-json\/wp\/v2\/pages\/2463"}],"wp:attachment":[{"href":"https:\/\/opussimplex.com\/english\/wp-json\/wp\/v2\/media?parent=2261"}],"curies":[{"name":"wp","href":"https:\/\/api.w.org\/{rel}","templated":true}]}}