{"id":2466,"date":"2019-10-04T07:22:30","date_gmt":"2019-10-04T05:22:30","guid":{"rendered":"https:\/\/opussimplex.com\/?page_id=2466"},"modified":"2022-10-13T10:13:56","modified_gmt":"2022-10-13T08:13:56","slug":"tortenetunk","status":"publish","type":"page","link":"https:\/\/opussimplex.com\/english\/cegunkrol\/tortenetunk\/","title":{"rendered":"History"},"content":{"rendered":"<p>Az <strong>Opus Simplex Kft.<\/strong> munka\u00fcgyi-foglalkoztat\u00e1si t\u00e9m\u00e1j\u00fa tan\u00e1csad\u00e1s keret\u00e9ben a HR oszt\u00e1lyok t\u00e1mogat\u00e1s\u00e1ra f\u00f3kusz\u00e1l. Tan\u00e1csad\u00f3i tev\u00e9kenys\u00e9g\u00e9t f\u00fcggetlen\u00fcl, a jogszab\u00e1lyoknak val\u00f3 min\u00e9l teljesebb megfelel\u00e9s el\u00e9r\u00e9se \u00e9rdek\u00e9ben ny\u00fajtja imm\u00e1r t\u00f6bb mint 15 \u00e9ve. C\u00e9lunk a p\u00e1rtatlan, szakmai alapokon nyugv\u00f3, min\u0151s\u00e9gi szolg\u00e1ltat\u00e1s, mellyel kiv\u00edvjuk megb\u00edz\u00f3ink el\u00e9gedetts\u00e9g\u00e9t. Tan\u00e1csad\u00f3i tev\u00e9kenys\u00e9g\u00fcnk mellett munk\u00e1ltat\u00f3k \u00e9s szakszervezetek r\u00e9sz\u00e9re egyar\u00e1nt tartunk k\u00e9pz\u00e9seket, valamint tudom\u00e1nyos m\u0171helyk\u00e9nt is m\u0171k\u00f6d\u00fcnk, a munkajog ter\u00fclet\u00e9re tartoz\u00f3 szakcikkek \u00e9s komment\u00e1rok, jogi tartalmak k\u00e9sz\u00edt\u00e9s\u00e9vel.<\/p>\n<p>Sz\u00e9les k\u00f6r\u0171 tapasztalattal rendelkez\u00fcnk a munkaer\u0151-k\u00f6lcs\u00f6nz\u00e9s, iskolasz\u00f6vetkezeti foglalkoztat\u00e1s, (k\u00f6z\u00fati, vas\u00fati) utaz\u00f3 munkav\u00e1llal\u00f3kra, valamint az eg\u00e9szs\u00e9g\u00fcgyben foglalkoztatottakra vonatkoz\u00f3 k\u00fcl\u00f6n\u00f6s munkaid\u0151-szab\u00e1lyok, a hat\u00e1ron \u00e1tny\u00fal\u00f3 foglalkoztat\u00e1s (posting) ter\u00fclet\u00e9n, kitekint\u00e9ssel a kapcsol\u00f3d\u00f3 ad\u00f3- \u00e9s t\u00e1rsadalombiztos\u00edt\u00e1si szab\u00e1lyokra is. K\u00fcl\u00f6n\u00f6sen otthonosan mozgunk a munkaid\u0151re, b\u00e9rez\u00e9sekre vonatkoz\u00f3 szab\u00e1lyok \u00e9s megold\u00e1sok kidolgoz\u00e1sa ter\u00e9n.<\/p>\n<p>Az <strong>Opus Legal <\/strong>\u00fcgyv\u00e9di csapata az Opus Simplex Kft. strat\u00e9giai jogi partnerek\u00e9nt annak \u00e9rdek\u00e9ben j\u00f6tt l\u00e9tre, hogy a partnerek k\u00e9rd\u00e9seit \u00f6sszetetten megvizsg\u00e1lva mindre kiterjed\u0151, ugyanakkor \u00e9rthet\u0151 \u00e9s praktikus megold\u00e1sokat k\u00edn\u00e1ljunk, imm\u00e1r jogi ter\u00fcleten is. Meggy\u0151z\u0151d\u00e9s\u00fcnk, hogy a t\u00e1rsas\u00e1goknak nem csak jogi tan\u00e1csad\u00e1sra, hanem \u00e1tl\u00e1that\u00f3 \u00e9s a gyakorlatba \u00fcltethet\u0151, \u00fczletileg \u00e9s a t\u00e1rsas\u00e1g c\u00e9gpolitik\u00e1j\u00e1ban egyar\u00e1nt megval\u00f3s\u00edthat\u00f3 v\u00e1laszokra van sz\u00fcks\u00e9g\u00fck, amik jogi szempontb\u00f3l is pontosak. Ez\u00e9rt c\u00e9lunk, hogy minden esetben t\u00e1gabb szemsz\u00f6gb\u0151l vizsg\u00e1ljuk meg a probl\u00e9m\u00e1t, hogy adekv\u00e1t visszajelz\u00e9st adhassunk a hozz\u00e1nk fordul\u00f3knak. F\u0151k\u00e9nt az adatv\u00e9delem, a gazdas\u00e1gi\/t\u00e1rsas\u00e1gi jog \u00e9s a munkajog ter\u00fclet\u00e9n seg\u00edtj\u00fck \u00fcgyfeleinket a mindennapi m\u0171k\u00f6d\u00e9s\u00fck sor\u00e1n felmer\u00fcl\u0151 k\u00e9rd\u00e9seik kapcs\u00e1n.<\/p>\n<p><!-- [vc_row][vc_column][vc_column_text]We have 20 years of experience in law business.\u00a0Make more leaving she it writing from of introduced rather to totally all between was a could desk were richer was for more there the hundred and deeply both post she small because name if publication much the could alphabet insidious are, train not from there, phase on and of.Make more leaving she it writing from of introduced rather to totally all between was a could desk were richer was for more there the hundred and deeply.[\/vc_column_text][\/vc_column][\/vc_row][vc_row][vc_column][os_history_entry event_date=\"2003\"]\n\n\n<h4>Company Started<\/h4>\n\n\n\n\n<p class=\"p1\">Make more leaving she it writing from of introduced rather to totally all between was a could desk were richer was for more there the hundred and deeply both post she small because name if publication much the could alphabet insidious are, train not from there, phase on and of.<\/p>\n\n\n[\/os_history_entry][os_history_entry event_date=\"2006\"]\n\n\n<h4>Second Partner was hired<\/h4>\n\n\n\n\n<p class=\"p1\">Make more leaving she it writing from of introduced rather to totally all between was a could desk were richer was for more there the hundred and deeply both post she small because name if publication much the could alphabet insidious are, train not from there, phase on and of.<\/p>\n\n\n[\/os_history_entry][os_history_entry event_date=\"2008\"]\n\n\n<h4>We expanded to Asia<\/h4>\n\n\n\n\n<p class=\"p1\">Make more leaving she it writing from of introduced rather to totally all between was a could desk were richer was for more there the hundred and deeply both post she small because name if publication much the could alphabet insidious are, train not from there, phase on and of.<\/p>\n\n\n[\/os_history_entry][os_history_entry event_date=\"2010\"]\n\n\n<h4>Big restructuring of our core<\/h4>\n\n\n\n\n<p class=\"p1\">Make more leaving she it writing from of introduced rather to totally all between was a could desk were richer was for more there the hundred and deeply both post she small because name if publication much the could alphabet insidious are, train not from there, phase on and of.<\/p>\n\n\n[\/os_history_entry][os_history_entry event_date=\"2014\"]\n\n\n<h4>We have opened two\u00a0offices in London<\/h4>\n\n\n\n\n<p class=\"p1\">Make more leaving she it writing from of introduced rather to totally all between was a could desk were richer was for more there the hundred and deeply both post she small because name if publication much the could alphabet insidious are, train not from there, phase on and of.<\/p>\n\n\n[\/os_history_entry][os_history_entry event_date=\"2017\"]\n\n\n<h4>We signed our first government deal<\/h4>\n\n\n\n\n<p class=\"p1\">Make more leaving she it writing from of introduced rather to totally all between was a could desk were richer was for more there the hundred and deeply both post she small because name if publication much the could alphabet insidious are, train not from there, phase on and of.<\/p>\n\n\n[\/os_history_entry][\/vc_column][\/vc_row] --><\/p>\n","protected":false},"excerpt":{"rendered":"<p>Az Opus Simplex Kft. munka\u00fcgyi-foglalkoztat\u00e1si t\u00e9m\u00e1j\u00fa tan\u00e1csad\u00e1s keret\u00e9ben a HR oszt\u00e1lyok t\u00e1mogat\u00e1s\u00e1ra f\u00f3kusz\u00e1l. Tan\u00e1csad\u00f3i tev\u00e9kenys\u00e9g\u00e9t f\u00fcggetlen\u00fcl, a jogszab\u00e1lyoknak val\u00f3 min\u00e9l teljesebb megfelel\u00e9s el\u00e9r\u00e9se \u00e9rdek\u00e9ben ny\u00fajtja imm\u00e1r t\u00f6bb mint 15 \u00e9ve. C\u00e9lunk a p\u00e1rtatlan, szakmai alapokon nyugv\u00f3, min\u0151s\u00e9gi szolg\u00e1ltat\u00e1s, mellyel kiv\u00edvjuk megb\u00edz\u00f3ink el\u00e9gedetts\u00e9g\u00e9t. Tan\u00e1csad\u00f3i tev\u00e9kenys\u00e9g\u00fcnk mellett munk\u00e1ltat\u00f3k \u00e9s szakszervezetek r\u00e9sz\u00e9re egyar\u00e1nt tartunk k\u00e9pz\u00e9seket, valamint tudom\u00e1nyos m\u0171helyk\u00e9nt&#8230;<\/p>\n<div class=\" [&hellip;]\"><a href=\"https:\/\/opussimplex.com\/english\/cegunkrol\/tortenetunk\/\">Read More<\/a><\/div>\n","protected":false},"author":1,"featured_media":0,"parent":2463,"menu_order":0,"comment_status":"closed","ping_status":"closed","template":"","meta":{"footnotes":""},"class_list":["post-2466","page","type-page","status-publish","hentry"],"_links":{"self":[{"href":"https:\/\/opussimplex.com\/english\/wp-json\/wp\/v2\/pages\/2466","targetHints":{"allow":["GET"]}}],"collection":[{"href":"https:\/\/opussimplex.com\/english\/wp-json\/wp\/v2\/pages"}],"about":[{"href":"https:\/\/opussimplex.com\/english\/wp-json\/wp\/v2\/types\/page"}],"author":[{"embeddable":true,"href":"https:\/\/opussimplex.com\/english\/wp-json\/wp\/v2\/users\/1"}],"replies":[{"embeddable":true,"href":"https:\/\/opussimplex.com\/english\/wp-json\/wp\/v2\/comments?post=2466"}],"version-history":[{"count":4,"href":"https:\/\/opussimplex.com\/english\/wp-json\/wp\/v2\/pages\/2466\/revisions"}],"predecessor-version":[{"id":4506,"href":"https:\/\/opussimplex.com\/english\/wp-json\/wp\/v2\/pages\/2466\/revisions\/4506"}],"up":[{"embeddable":true,"href":"https:\/\/opussimplex.com\/english\/wp-json\/wp\/v2\/pages\/2463"}],"wp:attachment":[{"href":"https:\/\/opussimplex.com\/english\/wp-json\/wp\/v2\/media?parent=2466"}],"curies":[{"name":"wp","href":"https:\/\/api.w.org\/{rel}","templated":true}]}}