{"id":2576,"date":"2019-10-08T09:02:43","date_gmt":"2019-10-08T07:02:43","guid":{"rendered":"https:\/\/opussimplex.com\/?page_id=2576"},"modified":"2021-03-18T14:50:02","modified_gmt":"2021-03-18T13:50:02","slug":"kategoriak","status":"publish","type":"page","link":"https:\/\/opussimplex.com\/english\/kategoriak\/","title":{"rendered":"Categories"},"content":{"rendered":"<div class=\"vc_row wpb_row vc_row-fluid\"><div class=\"wpb_column vc_column_container vc_col-sm-12\"><div class=\"vc_column-inner\"><div class=\"wpb_wrapper\">\n\t<div class=\"wpb_text_column wpb_content_element\" >\n\t\t<div class=\"wpb_wrapper\">\n\t\t\t<p><a class=\"kategoriak-lista\" href=\"https:\/\/opussimplex.com\/english\/kategoria\/fegyelmi-feleloseg\/\"><img decoding=\"async\" class=\"kategoriak-lista-kep\" src=\"https:\/\/opussimplex.com\/wp-content\/uploads\/2019\/10\/merleg-jog-ember-e1607081097324.png\" \/><span class=\"kategoriak-lista-szoveg\">Disciplinary liability<\/span><\/a><\/p>\n<p><a class=\"kategoriak-lista\" href=\"https:\/\/opussimplex.com\/english\/kategoria\/munkaber\/\"><img decoding=\"async\" class=\"kategoriak-lista-kep\" src=\"https:\/\/opussimplex.com\/wp-content\/uploads\/2019\/10\/munkaber.png\" \/><span class=\"kategoriak-lista-szoveg\">Wages<\/span><\/a><br \/>\n<a class=\"kategoriak-lista\" href=\"https:\/\/opussimplex.com\/english\/kategoria\/munkaido\/\"><img decoding=\"async\" class=\"kategoriak-lista-kep\" src=\"https:\/\/opussimplex.com\/wp-content\/uploads\/2019\/10\/munkaido.png\" \/><span class=\"kategoriak-lista-szoveg\">Working hours<\/span><\/a><\/p>\n<p><a class=\"kategoriak-lista\" href=\"https:\/\/opussimplex.com\/english\/kategoria\/munkajogi-es-szervezetfejlesztesi-esetek\/\"><img decoding=\"async\" class=\"kategoriak-lista-kep\" src=\"https:\/\/opussimplex.com\/wp-content\/uploads\/2019\/10\/Munkajogi-es-szervezetfejlesztesi-esetek.png\" \/><span class=\"kategoriak-lista-szoveg\">Labor law cases<\/span><\/a><\/p>\n<p><a class=\"kategoriak-lista\" href=\"https:\/\/opussimplex.com\/english\/kategoria\/munkaszerzodes-munkakor\/\"><img decoding=\"async\" class=\"kategoriak-lista-kep\" src=\"https:\/\/opussimplex.com\/wp-content\/uploads\/2019\/10\/dokumentum-e1607080981819.png\" \/><span class=\"kategoriak-lista-szoveg\">Employment contract<\/span><\/a><br \/>\n<a class=\"kategoriak-lista\" href=\"https:\/\/opussimplex.com\/english\/kategoria\/munkaugyi-tanacsadas\/\"><img decoding=\"async\" class=\"kategoriak-lista-kep\" src=\"https:\/\/opussimplex.com\/wp-content\/uploads\/2019\/10\/nagyto.png\" \/><span class=\"kategoriak-lista-szoveg\">Labor counseling<\/span><\/a><br \/>\n<a class=\"kategoriak-lista\" href=\"https:\/\/opussimplex.com\/english\/kategoria\/munkavallaloi-karfelelosseg\/\"><img decoding=\"async\" class=\"kategoriak-lista-kep\" src=\"https:\/\/opussimplex.com\/wp-content\/uploads\/2019\/10\/crash.png\" \/><span class=\"kategoriak-lista-szoveg\">Employee liability<\/span><\/a><br \/>\n<a class=\"kategoriak-lista\" href=\"https:\/\/opussimplex.com\/english\/kategoria\/munkaltatoi-karfelelosseg\/\"><img decoding=\"async\" class=\"kategoriak-lista-kep\" src=\"https:\/\/opussimplex.com\/wp-content\/uploads\/2019\/10\/Munkaltatoi-karfelelosseg.png\" \/><span class=\"kategoriak-lista-szoveg\">Employer liability<\/span><\/a><\/p>\n<p><a class=\"kategoriak-lista\" href=\"https:\/\/opussimplex.com\/english\/kategoria\/erintetti-jogok\/\"><img decoding=\"async\" class=\"kategoriak-lista-kep\" src=\"https:\/\/opussimplex.com\/wp-content\/uploads\/2019\/10\/Erintetti-jogok.png\" \/><span class=\"kategoriak-lista-szoveg\">\u00c9rintetti jogok<\/span><\/a><br \/>\n<a class=\"kategoriak-lista\" href=\"https:\/\/opussimplex.com\/english\/kategoria\/COVID-19\/\"><img decoding=\"async\" class=\"kategoriak-lista-kep\" src=\"https:\/\/opussimplex.com\/wp-content\/uploads\/2019\/10\/covid.png\" \/><span class=\"kategoriak-lista-szoveg\">COVID-19<\/span><\/a><br \/>\n<a class=\"kategoriak-lista\" href=\"https:\/\/opussimplex.com\/english\/kategoria\/beepitett-adatvedelem\/\"><img decoding=\"async\" class=\"kategoriak-lista-kep\" src=\"https:\/\/opussimplex.com\/wp-content\/uploads\/2019\/10\/Beepitett-adatvedelem.png\" \/><span class=\"kategoriak-lista-szoveg\">Built-in privacy<\/span><\/a><br \/>\n<a class=\"kategoriak-lista\" href=\"https:\/\/opussimplex.com\/english\/kategoria\/adatkezelesi-tajekoztato\/\"><img decoding=\"async\" class=\"kategoriak-lista-kep\" src=\"https:\/\/opussimplex.com\/wp-content\/uploads\/2019\/10\/Adatkezelesi-tajekoztato-e1607079490386.png\" \/><span class=\"kategoriak-lista-szoveg\">Privacy Policy<\/span><\/a><\/p>\n\n\t\t<\/div>\n\t<\/div>\n<\/div><\/div><\/div><\/div>","protected":false},"excerpt":{"rendered":"Fegyelmi felel\u0151s\u00e9g Munkab\u00e9r Munkaid\u0151 Munkajogi \u00e9s szervezetfejleszt\u00e9si esetek Munkaszerz\u0151d\u00e9s, munkak\u00f6r Munka\u00fcgyi tan\u00e1csad\u00e1s Munkav\u00e1llal\u00f3i k\u00e1rfelel\u0151ss\u00e9g Munk\u00e1ltat\u00f3i k\u00e1rfelel\u0151ss\u00e9g \u00c9rintetti jogok COVID-19 Be\u00e9p\u00edtett adatv\u00e9delem Adatkezel\u00e9si t\u00e1j\u00e9koztat\u00f3","protected":false},"author":1,"featured_media":0,"parent":0,"menu_order":0,"comment_status":"closed","ping_status":"closed","template":"","meta":{"footnotes":""},"class_list":["post-2576","page","type-page","status-publish","hentry"],"_links":{"self":[{"href":"https:\/\/opussimplex.com\/english\/wp-json\/wp\/v2\/pages\/2576","targetHints":{"allow":["GET"]}}],"collection":[{"href":"https:\/\/opussimplex.com\/english\/wp-json\/wp\/v2\/pages"}],"about":[{"href":"https:\/\/opussimplex.com\/english\/wp-json\/wp\/v2\/types\/page"}],"author":[{"embeddable":true,"href":"https:\/\/opussimplex.com\/english\/wp-json\/wp\/v2\/users\/1"}],"replies":[{"embeddable":true,"href":"https:\/\/opussimplex.com\/english\/wp-json\/wp\/v2\/comments?post=2576"}],"version-history":[{"count":28,"href":"https:\/\/opussimplex.com\/english\/wp-json\/wp\/v2\/pages\/2576\/revisions"}],"predecessor-version":[{"id":4173,"href":"https:\/\/opussimplex.com\/english\/wp-json\/wp\/v2\/pages\/2576\/revisions\/4173"}],"wp:attachment":[{"href":"https:\/\/opussimplex.com\/english\/wp-json\/wp\/v2\/media?parent=2576"}],"curies":[{"name":"wp","href":"https:\/\/api.w.org\/{rel}","templated":true}]}}