{"id":2587,"date":"2019-10-08T09:04:58","date_gmt":"2019-10-08T07:04:58","guid":{"rendered":"https:\/\/opussimplex.com\/?page_id=2587"},"modified":"2021-02-11T12:30:40","modified_gmt":"2021-02-11T11:30:40","slug":"kepzesek","status":"publish","type":"page","link":"https:\/\/opussimplex.com\/english\/szakmai-muhely\/kepzesek\/","title":{"rendered":"Trainings"},"content":{"rendered":"<div class=\"vc_row wpb_row vc_row-fluid\"><div class=\"wpb_column vc_column_container vc_col-sm-12\"><div class=\"vc_column-inner\"><div class=\"wpb_wrapper\">  <div class=\"row\">\r\n                                    <style>\r\n                                        .advb8_54607 .post-content{height:250px;} .advb8_54607 .post-title a:hover{color:!important;}.advb8_54607 .awavc-post-item-4 .post-link li a:hover{background-color:!important;}.advb8_54607 .awavc-post-item-4 .read-more:hover{color:#e31e25!important;}.advb8_54607 .awavc-post-item-4 .read-more::after{border-color:#e31e25!important;} .advb8_54607 .awavc-post-item-4 .month::after{border-color:!important;}.advb8_54607 .awavc-post-item-4 .post-date::after,.advb8_54607  .awavc-post-item-4 .post-date::before {background-color: !important;}\r\n                                    <\/style>\r\n\r\n                                    <div class=\"col-md-12 col-sm-6 col-xs-12 clearfix advb8_54607  blog-sajat-css\" style=\"padding:px;margin-bottom:50px;\">\r\n                                        <div class=\"awavc-post-item-5\">\r\n                                            <div class=\"thumb\">\r\n                                                <img decoding=\"async\" style=\"height:250px;width:px;\" src=\"https:\/\/opussimplex.com\/wp-content\/uploads\/2021\/11\/kulfoldi-munkavegzes-500x300.jpeg\" alt=\"\">\r\n                                                <div class=\"tags\" style=\"background-color:;\"><a  href=\"https:\/\/opussimplex.com\/english\/kategoria\/kepzes\/\" style=\"color:;\"><i style=\"color:\" class=\"fa fa-tags\"><\/i> Training<\/a><\/div>\r\n                                            <\/div>\r\n                                            <div class=\"content\">\r\n                                                <h3 class=\"post-title\"><a href=\"https:\/\/opussimplex.com\/english\/?post_type=post&p=4998\"  style=\"color:; font-size:32px; font-style:; font-weight:;\">2025.09.17.-2025.11.19. \u2013 Min\u0151s\u00edtett nemzetk\u00f6zi TB szak\u00e9rt\u0151 (online k\u00e9pz\u00e9s)<\/a><\/h3>\r\n                                                <ul class=\"post-meta\">\r\n                                                    <li style=\"color:;\">by <a  style=\"color:;\" href=\"https:\/\/opussimplex.com\/english\/author\/admin\/\">Opus Simplex Kft.<\/a> 27,Mar,25<\/li>\r\n                                                <\/ul>\r\n                                                <p class=\"post-description\" style=\"color:; font-size:12px; font-style:;\" >A Penta Uni\u00f3 Zrt. hi\u00e1nyp\u00f3tl\u00f3 k\u00e9pz\u00e9s\u00e9nek k\u00f6vetkez\u0151 k\u00f6re 2025. szeptember 17-\u00e9n indul. Kinek aj\u00e1nlott a r\u00e9szv\u00e9tel? Azoknak a t\u00e9ma ir\u00e1nt&hellip;<\/p>\r\n                                            <\/div>\r\n                                        <\/div>\r\n                                    <\/div>\r\n\r\n                           \r\n                                    <style>\r\n                                        .advb8_15079 .post-content{height:250px;} .advb8_15079 .post-title a:hover{color:!important;}.advb8_15079 .awavc-post-item-4 .post-link li a:hover{background-color:!important;}.advb8_15079 .awavc-post-item-4 .read-more:hover{color:#e31e25!important;}.advb8_15079 .awavc-post-item-4 .read-more::after{border-color:#e31e25!important;} .advb8_15079 .awavc-post-item-4 .month::after{border-color:!important;}.advb8_15079 .awavc-post-item-4 .post-date::after,.advb8_15079  .awavc-post-item-4 .post-date::before {background-color: !important;}\r\n                                    <\/style>\r\n\r\n                                    <div class=\"col-md-12 col-sm-6 col-xs-12 clearfix advb8_15079  blog-sajat-css\" style=\"padding:px;margin-bottom:50px;\">\r\n                                        <div class=\"awavc-post-item-5\">\r\n                                            <div class=\"thumb\">\r\n                                                <img decoding=\"async\" style=\"height:250px;width:px;\" src=\"https:\/\/opussimplex.com\/wp-content\/uploads\/2023\/04\/event-venue-1597531_1920-500x333.jpg\" alt=\"\">\r\n                                                <div class=\"tags\" style=\"background-color:;\"><a  href=\"https:\/\/opussimplex.com\/english\/kategoria\/kepzes\/\" style=\"color:;\"><i style=\"color:\" class=\"fa fa-tags\"><\/i> Training<\/a><\/div>\r\n                                            <\/div>\r\n                                            <div class=\"content\">\r\n                                                <h3 class=\"post-title\"><a href=\"https:\/\/opussimplex.com\/english\/?post_type=post&p=4996\"  style=\"color:; font-size:32px; font-style:; font-weight:;\">2025.05.05-2025.05.08 \u2013 Ad\u00f3z\u00e1s aktu\u00e1lis k\u00e9rd\u00e9sei KREDITPONTOS szakmai konferencia<\/a><\/h3>\r\n                                                <ul class=\"post-meta\">\r\n                                                    <li style=\"color:;\">by <a  style=\"color:;\" href=\"https:\/\/opussimplex.com\/english\/author\/admin\/\">Opus Simplex Kft.<\/a> 25,Mar,25<\/li>\r\n                                                <\/ul>\r\n                                                <p class=\"post-description\" style=\"color:; font-size:12px; font-style:;\" >A Kompkonzult Kft. k\u00f6vetkez\u0151 vid\u00e9ki konferenci\u00e1j\u00e1ra Sopronban ker\u00fcl sor, 2025. m\u00e1jus 5. \u00e9s 8. k\u00f6z\u00f6tt. A k\u00e9pz\u00e9s elv\u00e9gz\u00e9s\u00e9vel az al\u00e1bbi&hellip;<\/p>\r\n                                            <\/div>\r\n                                        <\/div>\r\n                                    <\/div>\r\n\r\n                           \r\n                                    <style>\r\n                                        .advb8_26635 .post-content{height:250px;} .advb8_26635 .post-title a:hover{color:!important;}.advb8_26635 .awavc-post-item-4 .post-link li a:hover{background-color:!important;}.advb8_26635 .awavc-post-item-4 .read-more:hover{color:#e31e25!important;}.advb8_26635 .awavc-post-item-4 .read-more::after{border-color:#e31e25!important;} .advb8_26635 .awavc-post-item-4 .month::after{border-color:!important;}.advb8_26635 .awavc-post-item-4 .post-date::after,.advb8_26635  .awavc-post-item-4 .post-date::before {background-color: !important;}\r\n                                    <\/style>\r\n\r\n                                    <div class=\"col-md-12 col-sm-6 col-xs-12 clearfix advb8_26635  blog-sajat-css\" style=\"padding:px;margin-bottom:50px;\">\r\n                                        <div class=\"awavc-post-item-5\">\r\n                                            <div class=\"thumb\">\r\n                                                <img decoding=\"async\" style=\"height:250px;width:px;\" src=\"https:\/\/opussimplex.com\/wp-content\/uploads\/2023\/04\/study-3698155_1920-500x333.jpg\" alt=\"\">\r\n                                                <div class=\"tags\" style=\"background-color:;\"><a  href=\"https:\/\/opussimplex.com\/english\/kategoria\/kepzes\/\" style=\"color:;\"><i style=\"color:\" class=\"fa fa-tags\"><\/i> Training<\/a><\/div>\r\n                                            <\/div>\r\n                                            <div class=\"content\">\r\n                                                <h3 class=\"post-title\"><a href=\"https:\/\/opussimplex.com\/english\/?post_type=post&p=4994\"  style=\"color:; font-size:32px; font-style:; font-weight:;\">2025.05.07-2025.05.28 &#8211; Munka\u00fcgyi szakember k\u00e9pz\u00e9s (3 alkalom)<\/a><\/h3>\r\n                                                <ul class=\"post-meta\">\r\n                                                    <li style=\"color:;\">by <a  style=\"color:;\" href=\"https:\/\/opussimplex.com\/english\/author\/admin\/\">Opus Simplex Kft.<\/a> 25,Mar,25<\/li>\r\n                                                <\/ul>\r\n                                                <p class=\"post-description\" style=\"color:; font-size:12px; font-style:;\" >A Hunder MS Kft. \u00e1ltal szervezett online, \u00e1llami tan\u00fas\u00edtv\u00e1nyt ny\u00fajt\u00f3, h\u00e1rom el\u0151ad\u00e1sb\u00f3l \u00e1ll\u00f3 kurzus sor\u00e1n a r\u00e9sztvev\u0151k m\u00e9lyrehat\u00f3 ismereteket \u00e9s&hellip;<\/p>\r\n                                            <\/div>\r\n                                        <\/div>\r\n                                    <\/div>\r\n\r\n                           \r\n                                    <style>\r\n                                        .advb8_11578 .post-content{height:250px;} .advb8_11578 .post-title a:hover{color:!important;}.advb8_11578 .awavc-post-item-4 .post-link li a:hover{background-color:!important;}.advb8_11578 .awavc-post-item-4 .read-more:hover{color:#e31e25!important;}.advb8_11578 .awavc-post-item-4 .read-more::after{border-color:#e31e25!important;} .advb8_11578 .awavc-post-item-4 .month::after{border-color:!important;}.advb8_11578 .awavc-post-item-4 .post-date::after,.advb8_11578  .awavc-post-item-4 .post-date::before {background-color: !important;}\r\n                                    <\/style>\r\n\r\n                                    <div class=\"col-md-12 col-sm-6 col-xs-12 clearfix advb8_11578  blog-sajat-css\" style=\"padding:px;margin-bottom:50px;\">\r\n                                        <div class=\"awavc-post-item-5\">\r\n                                            <div class=\"thumb\">\r\n                                                <img decoding=\"async\" style=\"height:250px;width:px;\" src=\"https:\/\/opussimplex.com\/wp-content\/uploads\/2023\/07\/worker-5736096_1280-500x333.jpg\" alt=\"\">\r\n                                                <div class=\"tags\" style=\"background-color:;\"><a  href=\"https:\/\/opussimplex.com\/english\/kategoria\/kepzes\/\" style=\"color:;\"><i style=\"color:\" class=\"fa fa-tags\"><\/i> Training<\/a><\/div>\r\n                                            <\/div>\r\n                                            <div class=\"content\">\r\n                                                <h3 class=\"post-title\"><a href=\"https:\/\/opussimplex.com\/english\/?post_type=post&p=4987\"  style=\"color:; font-size:32px; font-style:; font-weight:;\">2025.04.10. &#8211; Balesetek \u00fczemis\u00e9g\u00e9nek kivizsg\u00e1l\u00e1sa<\/a><\/h3>\r\n                                                <ul class=\"post-meta\">\r\n                                                    <li style=\"color:;\">by <a  style=\"color:;\" href=\"https:\/\/opussimplex.com\/english\/author\/admin\/\">Opus Simplex Kft.<\/a> 11,Mar,25<\/li>\r\n                                                <\/ul>\r\n                                                <p class=\"post-description\" style=\"color:; font-size:12px; font-style:;\" >A Hunder MS Kft. online el\u0151ad\u00e1s\u00e1n a szak\u00e9rt\u0151k gyakorlati p\u00e9ld\u00e1kon kereszt\u00fcl k\u00eds\u00e9rik v\u00e9gig az \u00fcgyint\u00e9z\u00e9s folyamat\u00e1t a balesetek bek\u00f6vetkez\u00e9s\u00e9t\u0151l, a&hellip;<\/p>\r\n                                            <\/div>\r\n                                        <\/div>\r\n                                    <\/div>\r\n\r\n                           \r\n                                    <style>\r\n                                        .advb8_85522 .post-content{height:250px;} .advb8_85522 .post-title a:hover{color:!important;}.advb8_85522 .awavc-post-item-4 .post-link li a:hover{background-color:!important;}.advb8_85522 .awavc-post-item-4 .read-more:hover{color:#e31e25!important;}.advb8_85522 .awavc-post-item-4 .read-more::after{border-color:#e31e25!important;} .advb8_85522 .awavc-post-item-4 .month::after{border-color:!important;}.advb8_85522 .awavc-post-item-4 .post-date::after,.advb8_85522  .awavc-post-item-4 .post-date::before {background-color: !important;}\r\n                                    <\/style>\r\n\r\n                                    <div class=\"col-md-12 col-sm-6 col-xs-12 clearfix advb8_85522  blog-sajat-css\" style=\"padding:px;margin-bottom:50px;\">\r\n                                        <div class=\"awavc-post-item-5\">\r\n                                            <div class=\"thumb\">\r\n                                                <img decoding=\"async\" style=\"height:250px;width:px;\" src=\"https:\/\/opussimplex.com\/wp-content\/uploads\/2025\/02\/truck-2920533_1280-500x337.jpg\" alt=\"\">\r\n                                                <div class=\"tags\" style=\"background-color:;\"><a  href=\"https:\/\/opussimplex.com\/english\/kategoria\/kepzes\/\" style=\"color:;\"><i style=\"color:\" class=\"fa fa-tags\"><\/i> Training<\/a><\/div>\r\n                                            <\/div>\r\n                                            <div class=\"content\">\r\n                                                <h3 class=\"post-title\"><a href=\"https:\/\/opussimplex.com\/english\/?post_type=post&p=4980\"  style=\"color:; font-size:32px; font-style:; font-weight:;\">2025.05.19. \u2013 A munkaid\u0151 \u00e9s a pihen\u0151id\u0151 a k\u00f6z\u00fati fuvaroz\u00e1sban<\/a><\/h3>\r\n                                                <ul class=\"post-meta\">\r\n                                                    <li style=\"color:;\">by <a  style=\"color:;\" href=\"https:\/\/opussimplex.com\/english\/author\/admin\/\">Opus Simplex Kft.<\/a> 25,Feb,25<\/li>\r\n                                                <\/ul>\r\n                                                <p class=\"post-description\" style=\"color:; font-size:12px; font-style:;\" >A Konferenciaszervez\u0151 Tud\u00e1smenedzsment Kft. hi\u00e1nyp\u00f3tl\u00f3 online k\u00e9pz\u00e9se a k\u00f6z\u00fati fuvaroz\u00e1s saj\u00e1tos \u00e9s bonyolult munkaid\u0151 \u00e9s pihen\u0151id\u0151 szab\u00e1lyainak meg\u00e1llap\u00edt\u00e1s\u00e1hoz \u00e9s megfelel\u0151&hellip;<\/p>\r\n                                            <\/div>\r\n                                        <\/div>\r\n                                    <\/div>\r\n\r\n                           \r\n                                    <style>\r\n                                        .advb8_19751 .post-content{height:250px;} .advb8_19751 .post-title a:hover{color:!important;}.advb8_19751 .awavc-post-item-4 .post-link li a:hover{background-color:!important;}.advb8_19751 .awavc-post-item-4 .read-more:hover{color:#e31e25!important;}.advb8_19751 .awavc-post-item-4 .read-more::after{border-color:#e31e25!important;} .advb8_19751 .awavc-post-item-4 .month::after{border-color:!important;}.advb8_19751 .awavc-post-item-4 .post-date::after,.advb8_19751  .awavc-post-item-4 .post-date::before {background-color: !important;}\r\n                                    <\/style>\r\n\r\n                                    <div class=\"col-md-12 col-sm-6 col-xs-12 clearfix advb8_19751  blog-sajat-css\" style=\"padding:px;margin-bottom:50px;\">\r\n                                        <div class=\"awavc-post-item-5\">\r\n                                            <div class=\"thumb\">\r\n                                                <img decoding=\"async\" style=\"height:250px;width:px;\" src=\"https:\/\/opussimplex.com\/wp-content\/uploads\/2022\/09\/pexels-pixabay-289737-500x334.jpg\" alt=\"\">\r\n                                                <div class=\"tags\" style=\"background-color:;\"><a  href=\"https:\/\/opussimplex.com\/english\/kategoria\/kepzes\/\" style=\"color:;\"><i style=\"color:\" class=\"fa fa-tags\"><\/i> Training<\/a><\/div>\r\n                                            <\/div>\r\n                                            <div class=\"content\">\r\n                                                <h3 class=\"post-title\"><a href=\"https:\/\/opussimplex.com\/english\/?post_type=post&p=4884\"  style=\"color:; font-size:32px; font-style:; font-weight:;\">2025.05.29. \u2013 Hat\u00f3s\u00e1gi ellen\u0151rz\u00e9s: F\u00f3kuszban a foglalkoztat\u00e1si szab\u00e1lyok<\/a><\/h3>\r\n                                                <ul class=\"post-meta\">\r\n                                                    <li style=\"color:;\">by <a  style=\"color:;\" href=\"https:\/\/opussimplex.com\/english\/author\/admin\/\">Opus Simplex Kft.<\/a> 17,Dec,24<\/li>\r\n                                                <\/ul>\r\n                                                <p class=\"post-description\" style=\"color:; font-size:12px; font-style:;\" >A Konferenciaszervez\u0151 Tud\u00e1smenedzsment Kft. online el\u0151ad\u00e1sa gyakorlati seg\u00edts\u00e9get ny\u00fajt a munkav\u00e1llal\u00f3k foglalkoztat\u00e1si jogviszony\u00e1nak rendezetts\u00e9g\u00e9vel \u00f6sszef\u00fcgg\u0151 hat\u00f3s\u00e1gi ellen\u0151rz\u00e9sekre t\u00f6rt\u00e9n\u0151 felk\u00e9sz\u00fcl\u00e9shez, mely&hellip;<\/p>\r\n                                            <\/div>\r\n                                        <\/div>\r\n                                    <\/div>\r\n\r\n                           <\/div> \r\n                 <\/div><\/div><\/div><\/div>","protected":false},"excerpt":{"rendered":"A Konferenciaszervez\u0151 Tud\u00e1smenedzsment Kft. online el\u0151ad\u00e1sa gyakorlati seg\u00edts\u00e9get ny\u00fajt a munkav\u00e1llal\u00f3k foglalkoztat\u00e1si jogviszony\u00e1nak rendezetts\u00e9g\u00e9vel \u00f6sszef\u00fcgg\u0151 hat\u00f3s\u00e1gi ellen\u0151rz\u00e9sekre t\u00f6rt\u00e9n\u0151 felk\u00e9sz\u00fcl\u00e9shez, mely ellen\u0151rz\u00e9si c\u00e9l a 2025. \u00e9vben kiemelt szempont a hat\u00f3s\u00e1gi ellen\u0151rz\u00e9sek sor\u00e1n. A k\u00e9pz\u00e9s f\u0151 t\u00e9m\u00e1i Az ellen\u0151rz\u00e9s t\u00e1rgyk\u00f6rei: mit \u00e9s mit nem ellen\u0151rizhet a hat\u00f3s\u00e1g? Elj\u00e1r\u00e1si hat\u00e1rid\u0151, a hat\u00f3s\u00e1gi ellen\u0151rz\u00e9s \u00e9s elj\u00e1r\u00e1s kapcsolata A t\u00e9ny\u00e1ll\u00e1s...<div class=\" [...]\"><a href=\"https:\/\/opussimplex.com\/english\/2025-05-29-hatosagi-ellenorzes-fokuszban-a-foglalkoztatasi-szabalyok\/\">Read More<\/a><\/div>","protected":false},"author":1,"featured_media":0,"parent":2267,"menu_order":0,"comment_status":"closed","ping_status":"closed","template":"","meta":{"footnotes":""},"class_list":["post-2587","page","type-page","status-publish","hentry"],"_links":{"self":[{"href":"https:\/\/opussimplex.com\/english\/wp-json\/wp\/v2\/pages\/2587","targetHints":{"allow":["GET"]}}],"collection":[{"href":"https:\/\/opussimplex.com\/english\/wp-json\/wp\/v2\/pages"}],"about":[{"href":"https:\/\/opussimplex.com\/english\/wp-json\/wp\/v2\/types\/page"}],"author":[{"embeddable":true,"href":"https:\/\/opussimplex.com\/english\/wp-json\/wp\/v2\/users\/1"}],"replies":[{"embeddable":true,"href":"https:\/\/opussimplex.com\/english\/wp-json\/wp\/v2\/comments?post=2587"}],"version-history":[{"count":32,"href":"https:\/\/opussimplex.com\/english\/wp-json\/wp\/v2\/pages\/2587\/revisions"}],"predecessor-version":[{"id":4108,"href":"https:\/\/opussimplex.com\/english\/wp-json\/wp\/v2\/pages\/2587\/revisions\/4108"}],"up":[{"embeddable":true,"href":"https:\/\/opussimplex.com\/english\/wp-json\/wp\/v2\/pages\/2267"}],"wp:attachment":[{"href":"https:\/\/opussimplex.com\/english\/wp-json\/wp\/v2\/media?parent=2587"}],"curies":[{"name":"wp","href":"https:\/\/api.w.org\/{rel}","templated":true}]}}