{"id":2591,"date":"2019-10-08T09:05:46","date_gmt":"2019-10-08T07:05:46","guid":{"rendered":"https:\/\/opussimplex.com\/?page_id=2591"},"modified":"2020-12-04T15:31:16","modified_gmt":"2020-12-04T14:31:16","slug":"munkaugyi-szakteruletek","status":"publish","type":"page","link":"https:\/\/opussimplex.com\/english\/munkaugyi-szakteruletek\/","title":{"rendered":"Areas of expertise"},"content":{"rendered":"<div class=\"vc_row wpb_row vc_row-fluid\"><div class=\"wpb_column vc_column_container vc_col-sm-12\"><div class=\"vc_column-inner\"><div class=\"wpb_wrapper\">\n<div class=\"vc_grid-container-wrapper vc_clearfix\">\n\t<div class=\"vc_grid-container vc_clearfix wpb_content_element vc_basic_grid\" data-initial-loading-animation=\"fadeIn\" data-vc-grid-settings=\"{&quot;page_id&quot;:2591,&quot;style&quot;:&quot;all&quot;,&quot;action&quot;:&quot;vc_get_vc_grid_data&quot;,&quot;shortcode_id&quot;:&quot;1607092263590-5bba2636-0b59-4&quot;,&quot;tag&quot;:&quot;vc_basic_grid&quot;}\" data-vc-request=\"https:\/\/opussimplex.com\/wp-admin\/admin-ajax.php\" data-vc-post-id=\"2591\" data-vc-public-nonce=\"e2745f19ac\">\n\t\t<style data-type=\"vc_shortcodes-custom-css\">.vc_custom_1584005105368{background-position: center !important;background-repeat: no-repeat !important;background-size: contain !important;}<\/style><div class=\"vc_grid vc_row vc_grid-gutter-30px vc_pageable-wrapper vc_hook_hover\" data-vc-pageable-content=\"true\"><div class=\"vc_pageable-slide-wrapper vc_clearfix\" data-vc-grid-content=\"true\"><div class=\"vc_grid-item vc_clearfix post-kep-es-cim vc_col-sm-3\"><div class=\"vc_grid-item-mini vc_clearfix\"><div class=\"vc_gitem-animated-block  vc_gitem-animate vc_gitem-animate-fadeIn\"  data-vc-animation=\"fadeIn\"\"><div class=\"vc_gitem-zone vc_gitem-zone-a vc-gitem-zone-height-mode-auto vc-gitem-zone-height-mode-auto-1-1 vc_gitem-is-link\" style=\"background-image: url('https:\/\/opussimplex.com\/wp-content\/uploads\/2020\/01\/Depositphotos_69988369_l-2015-1-1024x683.jpg') !important;\"><a href=\"https:\/\/opussimplex.com\/english\/munkajog-foglalkoztatas\/\" title=\"Labor law and employment\" class=\"vc_gitem-link vc-zone-link\"><\/a><img decoding=\"async\" src=\"https:\/\/opussimplex.com\/wp-content\/uploads\/2020\/01\/Depositphotos_69988369_l-2015-1-1024x683.jpg\" class=\"vc_gitem-zone-img\" alt=\"munkaugyi_tanacsadas\"><div class=\"vc_gitem-zone-mini\"><div class=\"vc_gitem_row vc_row vc_gitem-row-position-top\"><div class=\"vc_col-sm-12 vc_gitem-col vc_gitem-col-align-\"><div class=\"vc_custom_heading post-kep-es-cim vc_custom_1584005105368 vc_gitem-post-data vc_gitem-post-data-source-post_title\" ><div style=\"text-align: left\" ><a href=\"https:\/\/opussimplex.com\/english\/munkajog-foglalkoztatas\/\" class=\"vc_gitem-link\" title=\"Labor law and employment\">Labor law and employment<\/a><\/div><\/div><\/div><\/div><\/div><\/div><\/div><\/div><div class=\"vc_clearfix\"><\/div><\/div><div class=\"vc_grid-item vc_clearfix post-kep-es-cim vc_col-sm-3\"><div class=\"vc_grid-item-mini vc_clearfix\"><div class=\"vc_gitem-animated-block  vc_gitem-animate vc_gitem-animate-fadeIn\"  data-vc-animation=\"fadeIn\"\"><div class=\"vc_gitem-zone vc_gitem-zone-a vc-gitem-zone-height-mode-auto vc-gitem-zone-height-mode-auto-1-1 vc_gitem-is-link\" style=\"background-image: url('https:\/\/opussimplex.com\/wp-content\/uploads\/2020\/01\/Depositphotos_187858632_l-2015-1-1024x683.jpg') !important;\"><a href=\"https:\/\/opussimplex.com\/english\/adatvedelem\/\" title=\"Data protection&lt;br&gt;\u00a0\u00a0\" class=\"vc_gitem-link vc-zone-link\"><\/a><img decoding=\"async\" src=\"https:\/\/opussimplex.com\/wp-content\/uploads\/2020\/01\/Depositphotos_187858632_l-2015-1-1024x683.jpg\" class=\"vc_gitem-zone-img\" alt=\"\"><div class=\"vc_gitem-zone-mini\"><div class=\"vc_gitem_row vc_row vc_gitem-row-position-top\"><div class=\"vc_col-sm-12 vc_gitem-col vc_gitem-col-align-\"><div class=\"vc_custom_heading post-kep-es-cim vc_custom_1584005105368 vc_gitem-post-data vc_gitem-post-data-source-post_title\" ><div style=\"text-align: left\" ><a href=\"https:\/\/opussimplex.com\/english\/adatvedelem\/\" class=\"vc_gitem-link\" title=\"Data protection&lt;br&gt;\u00a0\u00a0\">Data protection<br>\u00a0\u00a0<\/a><\/div><\/div><\/div><\/div><\/div><\/div><\/div><\/div><div class=\"vc_clearfix\"><\/div><\/div><div class=\"vc_grid-item vc_clearfix post-kep-es-cim vc_col-sm-3\"><div class=\"vc_grid-item-mini vc_clearfix\"><div class=\"vc_gitem-animated-block  vc_gitem-animate vc_gitem-animate-fadeIn\"  data-vc-animation=\"fadeIn\"\"><div class=\"vc_gitem-zone vc_gitem-zone-a vc-gitem-zone-height-mode-auto vc-gitem-zone-height-mode-auto-1-1 vc_gitem-is-link\" style=\"background-image: url('https:\/\/opussimplex.com\/wp-content\/uploads\/2020\/01\/kulfoldiek_foglalkoztatasa-1024x684.jpg') !important;\"><a href=\"https:\/\/opussimplex.com\/english\/kulfoldiek-foglalkoztatasa\/\" title=\"Employment of foreigners\" class=\"vc_gitem-link vc-zone-link\"><\/a><img decoding=\"async\" src=\"https:\/\/opussimplex.com\/wp-content\/uploads\/2020\/01\/kulfoldiek_foglalkoztatasa-1024x684.jpg\" class=\"vc_gitem-zone-img\" alt=\"\"><div class=\"vc_gitem-zone-mini\"><div class=\"vc_gitem_row vc_row vc_gitem-row-position-top\"><div class=\"vc_col-sm-12 vc_gitem-col vc_gitem-col-align-\"><div class=\"vc_custom_heading post-kep-es-cim vc_custom_1584005105368 vc_gitem-post-data vc_gitem-post-data-source-post_title\" ><div style=\"text-align: left\" ><a href=\"https:\/\/opussimplex.com\/english\/kulfoldiek-foglalkoztatasa\/\" class=\"vc_gitem-link\" title=\"Employment of foreigners\">Employment of foreigners<\/a><\/div><\/div><\/div><\/div><\/div><\/div><\/div><\/div><div class=\"vc_clearfix\"><\/div><\/div><div class=\"vc_grid-item vc_clearfix post-kep-es-cim vc_col-sm-3\"><div class=\"vc_grid-item-mini vc_clearfix\"><div class=\"vc_gitem-animated-block  vc_gitem-animate vc_gitem-animate-fadeIn\"  data-vc-animation=\"fadeIn\"\"><div class=\"vc_gitem-zone vc_gitem-zone-a vc-gitem-zone-height-mode-auto vc-gitem-zone-height-mode-auto-1-1 vc_gitem-is-link\" style=\"background-image: url('https:\/\/opussimplex.com\/wp-content\/uploads\/2020\/01\/adojog-1024x682.jpg') !important;\"><a href=\"https:\/\/opussimplex.com\/english\/adojog-es-tarsadalombiztositasi-jog\/\" title=\"Tax and social security\" class=\"vc_gitem-link vc-zone-link\"><\/a><img decoding=\"async\" src=\"https:\/\/opussimplex.com\/wp-content\/uploads\/2020\/01\/adojog-1024x682.jpg\" class=\"vc_gitem-zone-img\" alt=\"\"><div class=\"vc_gitem-zone-mini\"><div class=\"vc_gitem_row vc_row vc_gitem-row-position-top\"><div class=\"vc_col-sm-12 vc_gitem-col vc_gitem-col-align-\"><div class=\"vc_custom_heading post-kep-es-cim vc_custom_1584005105368 vc_gitem-post-data vc_gitem-post-data-source-post_title\" ><div style=\"text-align: left\" ><a href=\"https:\/\/opussimplex.com\/english\/adojog-es-tarsadalombiztositasi-jog\/\" class=\"vc_gitem-link\" title=\"Tax and social security\">Tax and social security<\/a><\/div><\/div><\/div><\/div><\/div><\/div><\/div><\/div><div class=\"vc_clearfix\"><\/div><\/div><\/div><\/div>\n\t<\/div>\n<\/div><\/div><\/div><\/div><\/div><div class=\"vc_row wpb_row vc_row-fluid\"><\/div>","protected":false},"excerpt":{"rendered":"Adatv\u00e9delemAd\u00f3jog \u00e9s T\u00e1rsadalombiztos\u00edt\u00e1si jog","protected":false},"author":1,"featured_media":0,"parent":0,"menu_order":0,"comment_status":"closed","ping_status":"closed","template":"","meta":{"footnotes":""},"class_list":["post-2591","page","type-page","status-publish","hentry"],"_links":{"self":[{"href":"https:\/\/opussimplex.com\/english\/wp-json\/wp\/v2\/pages\/2591","targetHints":{"allow":["GET"]}}],"collection":[{"href":"https:\/\/opussimplex.com\/english\/wp-json\/wp\/v2\/pages"}],"about":[{"href":"https:\/\/opussimplex.com\/english\/wp-json\/wp\/v2\/types\/page"}],"author":[{"embeddable":true,"href":"https:\/\/opussimplex.com\/english\/wp-json\/wp\/v2\/users\/1"}],"replies":[{"embeddable":true,"href":"https:\/\/opussimplex.com\/english\/wp-json\/wp\/v2\/comments?post=2591"}],"version-history":[{"count":21,"href":"https:\/\/opussimplex.com\/english\/wp-json\/wp\/v2\/pages\/2591\/revisions"}],"predecessor-version":[{"id":3869,"href":"https:\/\/opussimplex.com\/english\/wp-json\/wp\/v2\/pages\/2591\/revisions\/3869"}],"wp:attachment":[{"href":"https:\/\/opussimplex.com\/english\/wp-json\/wp\/v2\/media?parent=2591"}],"curies":[{"name":"wp","href":"https:\/\/api.w.org\/{rel}","templated":true}]}}