{"id":2658,"date":"2019-10-08T10:32:53","date_gmt":"2019-10-08T08:32:53","guid":{"rendered":"https:\/\/opussimplex.com\/?page_id=2658"},"modified":"2021-03-25T14:00:46","modified_gmt":"2021-03-25T13:00:46","slug":"adatvedelmi-tajekoztato","status":"publish","type":"page","link":"https:\/\/opussimplex.com\/english\/adatvedelmi-tajekoztato\/","title":{"rendered":"Data Protection Notice"},"content":{"rendered":"<p style=\"text-align: center;\"><strong>OPUS SIMPLEX KFT.<\/strong><\/p>\n<p style=\"text-align: center;\"><strong>Adatv\u00e9delmi t\u00e1j\u00e9koztat\u00f3<\/strong><\/p>\n<p style=\"text-align: center;\">(a tov\u00e1bbiakban: \u201e<strong>T\u00e1j\u00e9koztat\u00f3<\/strong>\u201d)<\/p>\n<p style=\"text-align: center;\">Hat\u00e1lybal\u00e9p\u00e9s napja: 2021. 03.23.<\/p>\n<p style=\"text-align: left;\"><strong><a name=\"_Toc530996457\"><\/a><a name=\"_Toc531262529\"><\/a>1. Az Adatkezel\u0151 megnevez\u00e9se \u00e9s el\u00e9rhet\u0151s\u00e9gei<\/strong><\/p>\n<p>Az <strong>Opus Simplex Kft.<\/strong> (sz\u00e9khely: 1146 Budapest, D\u00f3zsa Gy\u00f6rgy \u00fat 15. fszt. 1., c\u00e9gjegyz\u00e9ksz\u00e1m: 01-09-945035, a tov\u00e1bbiakban: \u201e<strong>Opus Simplex<\/strong>\u201d vagy \u201e<strong>Adatkezel\u0151<\/strong>\u201d) a www.opussimplex.com honlap (a tov\u00e1bbiakban: \u201e<strong>Weboldal<\/strong>\u201d) l\u00e1togat\u00f3k \u00e1ltali megtekint\u00e9se miatt a szem\u00e9lyes adatok tekintet\u00e9ben \u2013 \u00f6sszhangban az \u00c1ltal\u00e1nos Adatv\u00e9delmi Rendelettel<a href=\"#_ftn1\" name=\"_ftnref1\">[1]<\/a> \u00e9s az Infotv.<a href=\"#_ftn2\" name=\"_ftnref2\">[2]<\/a>-el \u2013 adatkezel\u0151nek (tov\u00e1bbiakban: \u201e<strong>Adatkezel\u0151<\/strong>\u201d) min\u0151s\u00fcl.<em><a href=\"#_ftnref1\" name=\"_ftn1\"><\/a><\/em><\/p>\n<p><a href=\"#_ftnref1\" name=\"_ftn1\"><\/a><\/p>\n<p>Adatkezel\u0151n\u00e9l adatv\u00e9delmi tisztvisel\u0151 nem ker\u00fcl kinevez\u00e9sre, ugyanakkor az Adatkezel\u0151 maga is ell\u00e1t adatv\u00e9delmi tisztivisel\u0151i feladatokat, ez\u00e1ltal a szem\u00e9lyes adatok v\u00e9delme \u00e9rdek\u00e9ben folyamatosan figyelemmel k\u00eds\u00e9ri \u00e9s ellen\u0151rzi a szem\u00e9lyes adatokkal kapcsolatos jogszab\u00e1lyok \u00e9s bels\u0151 szab\u00e1lyzatok \u00e9rv\u00e9nyes\u00fcl\u00e9s\u00e9t, az adatv\u00e9delmi jogszab\u00e1lyok \u00e9s gyakorlat v\u00e1ltoz\u00e1s\u00e1t, el\u0151seg\u00edti az \u00e9rintetti jogok gyakorl\u00e1s\u00e1t, kivizsg\u00e1lja a szem\u00e9lyes adatokat \u00e9rint\u0151 panaszokat, \u00e9s kezdem\u00e9nyezi a panasz orvosl\u00e1s\u00e1hoz sz\u00fcks\u00e9ges int\u00e9zked\u00e9sek megt\u00e9tel\u00e9t, valamint kapcsolatot tart a Nemzeti Adatv\u00e9delmi \u00e9s Inform\u00e1ci\u00f3szabads\u00e1g Hat\u00f3s\u00e1ggal.<\/p>\n<p><u>El\u00e9rhet\u0151s\u00e9gek:<\/u><\/p>\n<p>C\u00edm: 1146 Budapest, D\u00f3zsa Gy\u00f6rgy \u00fat 15. fszt. 1. (el\u0151zetes bejelentkez\u00e9s alapj\u00e1n, munkanapokon 8-17 \u00f3ra k\u00f6z\u00f6tt)<\/p>\n<p>E-mail: kapcsolat@opussimplex.com<\/p>\n<p><strong><a name=\"_Toc530996458\"><\/a><a name=\"_Toc531262530\"><\/a>2. Adatkezel\u0151 \u00e1ltal kezelt szem\u00e9lyes adatok kezel\u00e9s\u00e9nek fontoss\u00e1ga<\/strong><\/p>\n<p>Az Adatkezel\u0151 sz\u00e1m\u00e1ra kiemelten fontos, hogy szolg\u00e1ltat\u00e1sait a modern kor ig\u00e9nyeinek \u00e9s k\u00f6vetelm\u00e9nyeinek megfelel\u0151en ny\u00fajtsa \u00fcgyfelei r\u00e9sz\u00e9re. A jelen T\u00e1j\u00e9koztat\u00f3 r\u00e9szletesen tartalmazza a Weboldal l\u00e1togat\u00e1sa sor\u00e1n t\u00f6rt\u00e9n\u0151 adatkezel\u00e9ssel \u00f6sszef\u00fcgg\u0151 inform\u00e1ci\u00f3kat.<\/p>\n<p>Az Adatkezel\u0151 szolg\u00e1ltat\u00e1sainak ig\u00e9nybev\u00e9tele, \u00e9s az ezzel \u00f6sszef\u00fcgg\u0151 szem\u00e9lyes adatok megad\u00e1sa b\u00e1rki sz\u00e1m\u00e1ra \u00f6nk\u00e9ntes.<\/p>\n<p>Szem\u00e9lyes Adatai term\u00e9szetes szem\u00e9lyeknek vannak. B\u00e1rmilyen, egy adott term\u00e9szetes szem\u00e9lyre \u2013 az adatv\u00e9delmi jogszab\u00e1lyok sz\u00f3haszn\u00e1lata szerint &#8222;\u00e9rintettre&#8221; \u2013 vonatkoz\u00f3 inform\u00e1ci\u00f3 Szem\u00e9lyes Adatnak min\u0151s\u00fclhet, amennyiben az alapj\u00e1n a term\u00e9szetes szem\u00e9ly azonos\u00edthat\u00f3. Szem\u00e9lyes Adat p\u00e9ld\u00e1ul a n\u00e9v, a telefonsz\u00e1m, az email-c\u00edm, IP c\u00edm.<\/p>\n<p><strong><a name=\"_Toc530996460\"><\/a><a name=\"_Toc531262532\"><\/a>3. A Weboldal haszn\u00e1lat\u00e1val \u00f6sszef\u00fcgg\u0151 adatkezel\u00e9s<\/strong><\/p>\n<p><strong><a name=\"_Toc5619465\"><\/a><a name=\"_Toc19787445\"><\/a><a name=\"_Toc40180659\"><\/a>3.1. Kapcsolatfelv\u00e9tel, aj\u00e1nlatk\u00e9r\u00e9s<\/strong><\/p>\n<p>A Weboldalon kereszt\u00fcl lehet\u0151s\u00e9ge van felvenni vel\u00fcnk a kapcsolatot aj\u00e1nlatk\u00e9r\u00e9s vagy egy\u00e9b \u00fczleti c\u00e9lb\u00f3l, az erre rendszeres\u00edtett adatlap seg\u00edts\u00e9g\u00e9vel. Ezzel kapcsolatban az \u00d6n szem\u00e9lyes adatait az al\u00e1bbiak szerint kezelj\u00fck:<\/p>\n<table>\n<tbody>\n<tr>\n<td width=\"121\"><strong>Kezelt adatok k\u00f6re<\/strong><\/td>\n<td width=\"408\">a)\u00a0\u00a0\u00a0\u00a0\u00a0 vezet\u00e9k- \u00e9s keresztn\u00e9v*<\/p>\n<p>b)\u00a0\u00a0\u00a0\u00a0 e-mail c\u00edm*<\/p>\n<p>c)\u00a0\u00a0\u00a0\u00a0\u00a0 telefonsz\u00e1m<\/p>\n<p>d)\u00a0\u00a0\u00a0\u00a0 c\u00e9gn\u00e9v*<\/p>\n<p>e)\u00a0\u00a0\u00a0\u00a0\u00a0 \u00fczenet*<\/td>\n<\/tr>\n<tr>\n<td width=\"121\"><strong>Adatkezel\u00e9s c\u00e9lja<\/strong><\/td>\n<td width=\"408\">Az adatkezel\u00e9s c\u00e9lja a szolg\u00e1ltat\u00e1saink ig\u00e9nybe v\u00e9tel\u00e9vel \u00f6sszef\u00fcgg\u0151 k\u00f6lcs\u00f6n\u00f6s kapcsolatfelv\u00e9tel biztos\u00edt\u00e1sa.<\/td>\n<\/tr>\n<tr>\n<td width=\"121\"><strong>Adatkezel\u00e9s jogalapja<\/strong><\/td>\n<td width=\"408\">Amennyiben a kapcsolatfelv\u00e9tel nem term\u00e9szetes szem\u00e9ly nev\u00e9ben t\u00f6rt\u00e9nik, az adatkezel\u00e9s jogalapja az Adatkezel\u0151nek a kapcsolattart\u00e1shoz f\u0171z\u0151d\u0151 jogos \u00e9rdeke (\u00c1ltal\u00e1nos Adatv\u00e9delmi Rendelet 6. cikk (1) bekezd\u00e9s f) pont); mag\u00e1nszem\u00e9ly eset\u00e9n pedig az \u00e9rintett hozz\u00e1j\u00e1rul\u00e1sa (\u00c1ltal\u00e1nos Adatv\u00e9delmi Rendelet 6. cikk (1) bekezd\u00e9s a) pont).<\/td>\n<\/tr>\n<tr>\n<td width=\"121\"><strong>Adatkezel\u00e9s c\u00edmzettjei, szerz\u0151d\u00e9ses partnerek, adatfeldolgoz\u00f3k<\/strong><\/td>\n<td width=\"408\">A kezelt Szem\u00e9lyes Adatok tov\u00e1bb\u00edt\u00e1s\u00e1ra tov\u00e1bbi adatkezel\u0151nek nem ker\u00fcl sor.<\/p>\n<p>Adatkezel\u0151 az informatikai rendszereinek m\u0171k\u00f6dtet\u00e9se, karbantart\u00e1sa, valamint fejleszt\u00e9se \u00e9rdek\u00e9ben adatfeldolgoz\u00f3kat vesz ig\u00e9nybe. Az adatfeldolgoz\u00f3 bizonyos Szem\u00e9lyes Adatokhoz hozz\u00e1f\u00e9r, de azokon saj\u00e1t hat\u00e1sk\u00f6rben semmilyen m\u0171veletet nem hajt v\u00e9gre.<\/p>\n<p>Adatfeldolgoz\u00f3k\u00e9nt ker\u00fcl ig\u00e9nybe v\u00e9telre a MiniCRM szoftvert szolg\u00e1ltat\u00f3 MiniCRM Zrt. (sz\u00e9khely: 1075 Budapest, Mad\u00e1ch Imre \u00fat 13-14., c\u00e9gjegyz\u00e9ksz\u00e1m: 01-10-047449), a rendszergazdai \u00e9s t\u00e1rhely-\u00fczemeltet\u00e9si feladatokat ell\u00e1t\u00f3 Arconsult Kft. (sz\u00e9khely: 1012 Budapest, Kosciuszk\u00f3 T\u00e1d\u00e9 utca 16. 1. em. 1., c\u00e9gjegyz\u00e9ksz\u00e1m: 01-09-694080) \u00e9s a honlap programoz\u00e1s\u00e1t v\u00e9gz\u0151 Bal\u00e1zs P\u00e9ter EV (sz\u00e9khely: 7761 Koz\u00e1rmisleny, T\u00fals\u00f3hegy 1966 hrsz, Nyilv\u00e1ntart\u00e1si sz\u00e1m: 4739774), tov\u00e1bb\u00e1 a kapcsolatfelv\u00e9tel k\u00f6r\u00e9ben a levelez\u0151rendszert biztos\u00edt\u00f3 Microsoft Corporation (Redmond, Washington;\u00a0adatkezel\u00e9si t\u00e1j\u00e9koztat\u00f3: https:\/\/privacy.microsoft.com\/hu-hu). B\u00e1rmely erre ir\u00e1nyul\u00f3, kifejezett \u00e9rintetti k\u00e9r\u00e9s eset\u00e9n az adott adatkezel\u00e9s vonatkoz\u00e1s\u00e1ban Adatkezel\u0151 tov\u00e1bbi t\u00e1j\u00e9koztat\u00e1st ad az adatfeldolgoz\u00f3kr\u00f3l \u00e9s az \u00e1ltaluk v\u00e9gzett m\u0171veletekr\u0151l.<\/td>\n<\/tr>\n<tr>\n<td width=\"121\"><strong>Adatkezel\u00e9s id\u0151tartama<\/strong><\/td>\n<td width=\"408\">Az Adatkezel\u0151 addig kezeli a Szem\u00e9lyes Adatokat, ameddig szolg\u00e1ltat\u00e1sai potenci\u00e1lis ny\u00fajt\u00e1sa \u00e9rdek\u00e9ben azok relevanci\u00e1val b\u00edrhatnak, kiv\u00e9ve, ha a hozz\u00e1j\u00e1rul\u00e1son alapul\u00f3 adatkezel\u00e9s eset\u00e9n a hozz\u00e1j\u00e1rul\u00e1st az \u00e9rintett hamarabb visszavonja.<\/td>\n<\/tr>\n<\/tbody>\n<\/table>\n<p>&nbsp;<\/p>\n<p><strong><a name=\"_Toc5619465\"><\/a><a name=\"_Toc19787445\"><\/a><a name=\"_Toc40180659\"><\/a>3.2. H\u00edrlev\u00e9l k\u00fcld\u00e9se<\/strong><\/p>\n<p>A Weboldalon kereszt\u00fcl lehet\u0151s\u00e9ge van felvenni vel\u00fcnk a kapcsolatot abb\u00f3l a c\u00e9lb\u00f3l is, hogy feliratkozzon h\u00edrlevel\u00fcnkre, az erre rendszeres\u00edtett adatlap seg\u00edts\u00e9g\u00e9vel. H\u00edrlevel\u00fcnk \u00fczleti \u00e9rdekl\u0151d\u0151knek sz\u00f3l, \u00edgy e k\u00f6rben a nem \u00fczleti felhaszn\u00e1l\u00e1s\u00fa e-mailc\u00edmeket nem kezelj\u00fck, azok adatb\u00e1zisb\u00f3l t\u00f6rl\u00e9s\u00e9t rendszeresen elv\u00e9gezz\u00fck, illetve azokra a h\u00edrlevelet nem k\u00fcldj\u00fck ki. Ezzel kapcsolatban az \u00d6n szem\u00e9lyes adatait az al\u00e1bbiak szerint kezelj\u00fck:<\/p>\n<table>\n<tbody>\n<tr>\n<td width=\"121\"><strong>Kezelt adatok k\u00f6re<\/strong><\/td>\n<td width=\"408\">a)\u00a0\u00a0\u00a0\u00a0\u00a0 vezet\u00e9k- \u00e9s keresztn\u00e9v*<\/p>\n<p>b)\u00a0\u00a0\u00a0\u00a0 e-mail c\u00edm*<\/td>\n<\/tr>\n<tr>\n<td width=\"121\"><strong>Adatkezel\u00e9s c\u00e9lja<\/strong><\/td>\n<td width=\"408\">Az adatkezel\u00e9s c\u00e9lja a h\u00edrlevelek kik\u00fcld\u00e9se, ez\u00e1ltal Adatkezel\u0151 szolg\u00e1ltat\u00e1saink bemutat\u00e1sa.<\/td>\n<\/tr>\n<tr>\n<td width=\"121\"><strong>Adatkezel\u00e9s jogalapja<\/strong><\/td>\n<td width=\"408\">Az \u00d6n hozz\u00e1j\u00e1rul\u00e1sa (\u00c1ltal\u00e1nos Adatv\u00e9delmi Rendelet 6. cikk (1) bekezd\u00e9s a) pont).<\/td>\n<\/tr>\n<tr>\n<td width=\"121\"><strong>Adatkezel\u00e9s c\u00edmzettjei, szerz\u0151d\u00e9ses partnerek, adatfeldolgoz\u00f3k<\/strong><\/td>\n<td width=\"408\">A kezelt Szem\u00e9lyes Adatok tov\u00e1bb\u00edt\u00e1s\u00e1ra tov\u00e1bbi adatkezel\u0151nek nem ker\u00fcl sor.<\/p>\n<p>Adatkezel\u0151 az informatikai rendszereinek m\u0171k\u00f6dtet\u00e9se, karbantart\u00e1sa, valamint fejleszt\u00e9se \u00e9rdek\u00e9ben adatfeldolgoz\u00f3kat vesz ig\u00e9nybe. Az adatfeldolgoz\u00f3 bizonyos Szem\u00e9lyes Adatokhoz hozz\u00e1f\u00e9r, de azokon saj\u00e1t hat\u00e1sk\u00f6rben semmilyen m\u0171veletet nem hajt v\u00e9gre.<\/p>\n<p>Adatfeldolgoz\u00f3k\u00e9nt ker\u00fcl ig\u00e9nybe v\u00e9telre a MiniCRM szoftvert szolg\u00e1ltat\u00f3 MiniCRM Zrt. (sz\u00e9khely: 1075 Budapest, Mad\u00e1ch Imre \u00fat 13-14., c\u00e9gjegyz\u00e9ksz\u00e1m: 01-10-047449), a rendszergazdai \u00e9s t\u00e1rhely-\u00fczemeltet\u00e9si feladatokat ell\u00e1t\u00f3 Arconsult Kft. (sz\u00e9khely: 1012 Budapest, Kosciuszk\u00f3 T\u00e1d\u00e9 utca 16. 1. em. 1., c\u00e9gjegyz\u00e9ksz\u00e1m: 01-09-694080) \u00e9s a honlap programoz\u00e1s\u00e1t v\u00e9gz\u0151 Bal\u00e1zs P\u00e9ter EV (sz\u00e9khely: 7761 Koz\u00e1rmisleny, T\u00fals\u00f3hegy 1966 hrsz, Nyilv\u00e1ntart\u00e1si sz\u00e1m: 4739774), tov\u00e1bb\u00e1 a kapcsolatfelv\u00e9tel k\u00f6r\u00e9ben a levelez\u0151rendszert biztos\u00edt\u00f3 Microsoft Corporation (Redmond, Washington;\u00a0adatkezel\u00e9si t\u00e1j\u00e9koztat\u00f3: https:\/\/privacy.microsoft.com\/hu-hu). B\u00e1rmely erre ir\u00e1nyul\u00f3, kifejezett \u00e9rintetti k\u00e9r\u00e9s eset\u00e9n az adott adatkezel\u00e9s vonatkoz\u00e1s\u00e1ban Adatkezel\u0151 tov\u00e1bbi t\u00e1j\u00e9koztat\u00e1st ad az adatfeldolgoz\u00f3kr\u00f3l \u00e9s az \u00e1ltaluk v\u00e9gzett m\u0171veletekr\u0151l.<\/td>\n<\/tr>\n<tr>\n<td width=\"121\"><strong>Adatkezel\u00e9s id\u0151tartama<\/strong><\/td>\n<td width=\"408\">Az Adatkezel\u0151 addig kezeli a Szem\u00e9lyes Adatokat, ameddig szolg\u00e1ltat\u00e1sai potenci\u00e1lis ny\u00fajt\u00e1sa \u00e9rdek\u00e9ben azok relevanci\u00e1val b\u00edrhatnak, kiv\u00e9ve, ha a hozz\u00e1j\u00e1rul\u00e1son alapul\u00f3 adatkezel\u00e9s eset\u00e9n a hozz\u00e1j\u00e1rul\u00e1st az \u00e9rintett hamarabb visszavonja.<\/td>\n<\/tr>\n<\/tbody>\n<\/table>\n<p>&nbsp;<\/p>\n<p><strong><a name=\"_Toc5619465\"><\/a><a name=\"_Toc19787445\"><\/a><a name=\"_Toc40180659\"><\/a>3.3. Cookie-kal kapcsolatos adatkezel\u00e9s<\/strong><\/p>\n<p>Adatkezel\u0151 a Weboldala haszn\u00e1lat\u00e1nak el\u0151seg\u00edt\u00e9se \u00e9rdek\u00e9ben cookie-kat (magyarul \u201es\u00fcti\u201d) haszn\u00e1l. A s\u00fcti olyan kism\u00e9ret\u0171 adatcsomag, amit az internetes szolg\u00e1ltat\u00e1sok a b\u00f6ng\u00e9sz\u0151ben t\u00e1rolnak el. A s\u00fcti hat\u00e9kony \u00e9s modern felhaszn\u00e1l\u00f3i \u00e9lm\u00e9nyt ny\u00fajt\u00f3 online szolg\u00e1ltat\u00e1s m\u0171k\u00f6d\u00e9s\u00e9hez elengedhetetlen technol\u00f3gia.<\/p>\n<p>A mindenkor aktu\u00e1lis cookie-kat a Weboldal haszn\u00e1lata sor\u00e1n ismerheti meg a Weboldalon tal\u00e1lhat\u00f3 pop-up ablakban \u00e9s \u00e1ll\u00edthatja be ezzel kapcsolatos preferenci\u00e1it.<\/p>\n<p><strong><a name=\"_Toc530996460\"><\/a><a name=\"_Toc531262532\"><\/a>\u00a04. Az \u00c9rintett jogai<\/strong><\/p>\n<p>Az Adatkezel\u0151 kiemelten fontosnak tartja, hogy a term\u00e9szetes szem\u00e9lyek Szem\u00e9lyes Adatainak kezel\u00e9se sor\u00e1n mindv\u00e9gig megfelel\u0151en biztos\u00edtsa az \u00c9rintettek adatkezel\u00e9shez f\u0171z\u0151d\u0151 jogait. Ennek keret\u00e9ben az al\u00e1bbi jogokat tartja szem el\u0151tt. A Szem\u00e9lyes Adatok kezel\u00e9se kapcs\u00e1n felmer\u00fcl\u0151 b\u00e1rmely \u00e9rintetti k\u00e9r\u00e9s eset\u00e9n az Adatkezel\u0151 a k\u00e9r\u00e9s be\u00e9rkez\u00e9s\u00e9t\u0151l sz\u00e1m\u00edtott legr\u00f6videbb id\u0151n bel\u00fcl, de nem k\u00e9s\u0151bb, mint 1 h\u00f3napon bel\u00fcl biztos\u00edtja az \u00e9rintetti jog gyakorl\u00e1s\u00e1t, vagy, ha a joggyakorl\u00e1s biztos\u00edt\u00e1s\u00e1hoz tov\u00e1bbi inform\u00e1ci\u00f3ra van sz\u00fcks\u00e9ge, halad\u00e9ktalanul felveszi a kapcsolatot az \u00c9rintettel a k\u00e9r\u00e9s \u00fcgyint\u00e9z\u00e9se c\u00e9lj\u00e1b\u00f3l e-mailen vagy telefonon (lehet\u0151s\u00e9g szerint ugyanazt a kommunik\u00e1ci\u00f3s m\u00f3dot haszn\u00e1lva, amit az \u00c9rintett is alkalmazott).<a name=\"_Toc5619464\"><\/a><a name=\"_Toc19787444\"><\/a><a name=\"_Toc40180658\"><\/a><\/p>\n<p><strong><a name=\"_Toc5619465\"><\/a><a name=\"_Toc19787445\"><\/a><a name=\"_Toc40180659\"><\/a>4.1. T\u00e1j\u00e9koztat\u00e1shoz \u00e9s hozz\u00e1f\u00e9r\u00e9shez val\u00f3 jog<\/strong><\/p>\n<p>Az \u00c9rintett jogosult az Adatkezel\u0151 jelen Szab\u00e1lyzatban megjel\u00f6lt el\u00e9rhet\u0151s\u00e9geinek b\u00e1rmelyik\u00e9n visszajelz\u00e9st kapni arra vonatkoz\u00f3an, hogy Szem\u00e9lyes Adatainak kezel\u00e9se folyamatban van-e, \u00e9s ha ilyen adatkezel\u00e9s folyamatban van, jogosult arra, hogy a Szem\u00e9lyes Adatokhoz \u00e9s a k\u00f6vetkez\u0151 inform\u00e1ci\u00f3khoz hozz\u00e1f\u00e9r\u00e9st kapjon:<\/p>\n<ol>\n<li>az adatkezel\u00e9s c\u00e9ljai;<\/li>\n<li>az \u00c9rintett Szem\u00e9lyes Adatok kateg\u00f3ri\u00e1i;<\/li>\n<li>azon c\u00edmzettek vagy c\u00edmzettek kateg\u00f3ri\u00e1i, akikkel, illetve amelyekkel a Szem\u00e9lyes Adatokat k\u00f6z\u00f6lt\u00e9k vagy k\u00f6z\u00f6lni fogj\u00e1k, ide\u00e9rtve k\u00fcl\u00f6n\u00f6sen a harmadik orsz\u00e1gbeli c\u00edmzetteket, illetve a nemzetk\u00f6zi szervezeteket;<\/li>\n<li>a Szem\u00e9lyes Adatok t\u00e1rol\u00e1s\u00e1nak tervezett id\u0151tartama, vagy ha ez nem lehets\u00e9ges, ezen id\u0151tartam meghat\u00e1roz\u00e1s\u00e1nak szempontjai;<\/li>\n<li>az \u00c9rintett azon joga, hogy k\u00e9relmezheti az Adatkezel\u0151t\u0151l a r\u00e1 vonatkoz\u00f3 Szem\u00e9lyes Adatok helyesb\u00edt\u00e9s\u00e9t, t\u00f6rl\u00e9s\u00e9t vagy kezel\u00e9s\u00e9nek korl\u00e1toz\u00e1s\u00e1t, \u00e9s tiltakozhat az ilyen Szem\u00e9lyes Adatok kezel\u00e9se ellen;<\/li>\n<li>a valamely fel\u00fcgyeleti hat\u00f3s\u00e1ghoz c\u00edmzett panasz beny\u00fajt\u00e1s\u00e1nak joga;<\/li>\n<li>ha az adatokat nem az \u00c9rintett\u0151l gy\u0171jt\u00f6tt\u00e9k, a forr\u00e1sukra vonatkoz\u00f3 minden el\u00e9rhet\u0151 inform\u00e1ci\u00f3.<\/li>\n<\/ol>\n<p><strong><a name=\"_Toc5619465\"><\/a><a name=\"_Toc19787445\"><\/a><a name=\"_Toc40180659\"><\/a>4.2. Helyesb\u00edt\u00e9shez \u00e9s kieg\u00e9sz\u00edt\u00e9shez val\u00f3 jog<\/strong><\/p>\n<p>Az \u00c9rintett jogosult az Adatkezel\u0151 \u00e1ltal kezelt Szem\u00e9lyes Adatainak a helyesb\u00edt\u00e9s\u00e9t k\u00e9rni, ha \u00fagy \u00edt\u00e9li meg, hogy azok a val\u00f3s\u00e1gnak nem felelnek vagy pontatlanok. Az \u00c9rintett jogosult az Adatkezel\u0151 \u00e1ltal kezelt Szem\u00e9lyes Adatainak a kieg\u00e9sz\u00edt\u00e9s\u00e9t k\u00e9rni, ha \u00fagy \u00edt\u00e9li meg, hogy azok hi\u00e1nyosak.<\/p>\n<p><a name=\"_Toc5619466\"><\/a><a name=\"_Toc19787446\"><\/a><strong><a name=\"_Toc40180660\"><\/a>4.3. Korl\u00e1toz\u00e1shoz val\u00f3 jog<\/strong><\/p>\n<p>Az \u00c9rintett jogosult arra, hogy k\u00e9r\u00e9s\u00e9re az Adatkezel\u0151 korl\u00e1tozza az adatkezel\u00e9st \u2013 kiv\u00e9ve, ha azt jogszab\u00e1ly m\u00e1sk\u00e9pp nem rendeli -, ha az al\u00e1bbiak valamelyike teljes\u00fcl:<\/p>\n<ol>\n<li>az \u00c9rintett vitatja a Szem\u00e9lyes Adatok pontoss\u00e1g\u00e1t, ez esetben a korl\u00e1toz\u00e1s arra az id\u0151tartamra vonatkozik, amely lehet\u0151v\u00e9 teszi, hogy az adatkezel\u0151 ellen\u0151rizze a Szem\u00e9lyes Adatok pontoss\u00e1g\u00e1t;<\/li>\n<li>az adatkezel\u00e9s jogellenes, \u00e9s az \u00c9rintett ellenzi az adatok t\u00f6rl\u00e9s\u00e9t, \u00e9s ehelyett k\u00e9ri azok felhaszn\u00e1l\u00e1s\u00e1nak korl\u00e1toz\u00e1s\u00e1t;<\/li>\n<li>az Adatkezel\u0151nek m\u00e1r nincs sz\u00fcks\u00e9ge a Szem\u00e9lyes Adatokra adatkezel\u00e9s c\u00e9lj\u00e1b\u00f3l, de az \u00c9rintett ig\u00e9nyli azokat jogi ig\u00e9nyek el\u0151terjeszt\u00e9s\u00e9hez, \u00e9rv\u00e9nyes\u00edt\u00e9s\u00e9hez vagy v\u00e9delm\u00e9hez; vagy<\/li>\n<li>az \u00c9rintett tiltakozott az adatkezel\u00e9s ellen; ez esetben a korl\u00e1toz\u00e1s arra az id\u0151tartamra vonatkozik, am\u00edg meg\u00e1llap\u00edt\u00e1sra nem ker\u00fcl, hogy az adatkezel\u0151 jogos indokai els\u0151bbs\u00e9get \u00e9lveznek-e az \u00c9rintett jogos indokaival szemben.<\/li>\n<\/ol>\n<p><a name=\"_Toc5619467\"><\/a><a name=\"_Toc19787447\"><\/a><a name=\"_Toc40180661\"><\/a><strong>4.4. Hozz\u00e1j\u00e1rul\u00e1s visszavon\u00e1sa, tiltakoz\u00e1shoz val\u00f3 jog<\/strong><\/p>\n<p>Amennyiben az Adatkezel\u0151 adatkezel\u00e9se az \u00c9rintett erre ir\u00e1nyul\u00f3 kifejezett k\u00e9r\u00e9s\u00e9n \u00e9s hozz\u00e1\u00e1rul\u00e1s\u00e1n alapul, az \u00c9rintett b\u00e1rmikor jogosult a hozz\u00e1j\u00e1rul\u00e1s\u00e1t visszavonni. Ebben az esetben az Adatkezel\u0151 az \u00c9rintettre vonatkoz\u00f3 Szem\u00e9lyes Adatokat halad\u00e9ktalanul k\u00f6teles t\u00f6r\u00f6lni.<\/p>\n<p>Amennyiben az \u00dcgyv\u00e9di Iroda adatkezel\u00e9se a saj\u00e1t vagy harmadik f\u00e9l jogos \u00e9rdekeinek v\u00e9delme miatt vagy \u00fczletszerz\u00e9si c\u00e9lb\u00f3l t\u00f6rt\u00e9nik, az \u00e9rintett jogosult arra, hogy tiltakozzon adatai kezel\u00e9se ellen.<\/p>\n<p><a name=\"_Toc5619468\"><\/a><a name=\"_Toc19787448\"><\/a><a name=\"_Toc40180662\"><\/a><strong>4.5. T\u00f6rl\u00e9shez val\u00f3 jog<\/strong><\/p>\n<p>Az \u00c9rintett jogosult az Adatkezel\u0151 \u00e1ltal kezelt Szem\u00e9lyes Adatainak a t\u00f6rl\u00e9s\u00e9t kezdem\u00e9nyezni, ha:<\/p>\n<ol>\n<li>\u00fagy \u00edt\u00e9li meg, hogy a Szem\u00e9lyes Adatok kezel\u00e9se az eredeti c\u00e9lj\u00e1b\u00f3l m\u00e1r nem sz\u00fcks\u00e9ges;<\/li>\n<li>a Szem\u00e9lyes Adatai tov\u00e1bbi kezel\u00e9s\u00e9hez nem j\u00e1rul hozz\u00e1 \u2013 amennyiben az adatkezel\u00e9s hozz\u00e1j\u00e1rul\u00e1son alapul;<\/li>\n<li>\u00fagy \u00edt\u00e9li meg, hogy Szem\u00e9lyes Adatait az Adatkezel\u0151 jogellenesen kezeli;<\/li>\n<li>a Szem\u00e9lyes Adatai kezel\u00e9se ellen kifejezetten tiltakozik \u2013 ha az adatkezel\u00e9s jogalapja az \u00dcgyv\u00e9di Iroda vagy harmadik f\u00e9l jogos \u00e9rdekeinek v\u00e9delme.<\/li>\n<\/ol>\n<p><a name=\"_Toc5619469\"><\/a><a name=\"_Toc19787449\"><\/a><strong><a name=\"_Toc40180663\"><\/a>4.6. Jogorvoslat<\/strong><\/p>\n<p>Amennyiben az \u00c9rintett \u00fagy v\u00e9li, hogy adatait az Adatkezel\u0151 jogellenesen kezeli, jogosult az Adatkezel\u0151n\u00e9l annak megsz\u00fcntet\u00e9se \u00e9rdek\u00e9ben panasszal \u00e9lni. Ennek eredm\u00e9nytelens\u00e9ge eset\u00e9n jogosult a Nemzeti Adatv\u00e9delmi \u00e9s Inform\u00e1ci\u00f3szabads\u00e1g Hat\u00f3s\u00e1ghoz vagy a b\u00edr\u00f3s\u00e1ghoz fordulni.<\/p>\n<ul>\n<li>A Nemzeti Adatv\u00e9delmi \u00e9s Inform\u00e1ci\u00f3szabads\u00e1g Hat\u00f3s\u00e1ghoz panasz az al\u00e1bbi el\u00e9rhet\u0151s\u00e9geken ny\u00fajthat\u00f3 be: Nemzeti Adatv\u00e9delmi \u00e9s Inform\u00e1ci\u00f3szabads\u00e1g Hat\u00f3s\u00e1g (posta c\u00edm: 1363 Budapest, Pf.: 9.; c\u00edm: 1055\u00a0 Budapest, Falk Miksa utca 9-11; telefon: +36-1-391-1400, fax: +36-1-391-1410; e-mail: <a href=\"mailto:ugyfelszolgalat@naih.hu\">ugyfelszolgalat@naih.hu<\/a>; honlap: <a href=\"http:\/\/www.naih.hu\">http:\/\/www.naih.hu<\/a>)<\/li>\n<li>B\u00edr\u00f3s\u00e1gi jog\u00e9rv\u00e9nyes\u00edt\u00e9s eset\u00e9n a per elb\u00edr\u00e1l\u00e1sa az illet\u00e9kes t\u00f6rv\u00e9nysz\u00e9k hat\u00e1sk\u00f6r\u00e9be tartozik. Az \u00c9rintett v\u00e1laszt\u00e1sa szerint a per a lak\u00f3helye vagy tart\u00f3zkod\u00e1si helye szerinti t\u00f6rv\u00e9nysz\u00e9k el\u0151tt is megind\u00edthat\u00f3. Amennyiben a b\u00edr\u00f3s\u00e1g a k\u00e9relemnek helyt ad, a Adatkezel\u0151 az \u00e9rintett szem\u00e9lyes adatait a joger\u0151s \u00edt\u00e9let k\u00f6zl\u00e9s\u00e9t\u0151l sz\u00e1m\u00edtott 3 napon bel\u00fcl t\u00f6rli.<\/li>\n<\/ul>\n<p><a name=\"_Toc5619470\"><\/a><a name=\"_Toc19787450\"><\/a><a name=\"_Toc40180664\"><\/a><strong>4.7. \u00c9rintetti jogok gyakorl\u00e1sa<\/strong><\/p>\n<p>Az \u00c9rintett az Adatkezel\u0151vel szemben gyakorolhatja a fent eml\u00edtett jogait.\u00a0 A jelen pont szerinti megkeres\u00e9seket az Adatkezel\u0151nek k\u00fcldheti, illetve ott teheti meg.<\/p>\n<p><em><a href=\"#_ftnref1\" name=\"_ftn1\">[1]<\/a> a szem\u00e9lyes adatok kezel\u00e9se vonatkoz\u00e1s\u00e1ban a term\u00e9szetes szem\u00e9lyeknek a szem\u00e9lyes adatok kezel\u00e9se tekintet\u00e9ben t\u00f6rt\u00e9n\u0151 v\u00e9delm\u00e9r\u0151l \u00e9s az ilyen adatok szabad \u00e1raml\u00e1s\u00e1r\u00f3l, valamint a 95\/46\/EK ir\u00e1nyelv hat\u00e1lyon k\u00edv\u00fcl helyez\u00e9s\u00e9r\u0151l sz\u00f3l\u00f3, 2016. \u00e1prilis 27-i Eur\u00f3pai Parlament \u00e9s a Tan\u00e1cs (EU) 2016\/679 rendelete<\/em><\/p>\n<p><em><a href=\"#_ftnref2\" name=\"_ftn2\">[2]<\/a> az inform\u00e1ci\u00f3s \u00f6nrendelkez\u00e9si jogr\u00f3l \u00e9s az inform\u00e1ci\u00f3szabads\u00e1gr\u00f3l sz\u00f3l\u00f3 2011. \u00e9vi CXII. t\u00f6rv\u00e9ny<\/em><\/p>\n<p><a href=\"#_ftnref1\" name=\"_ftn1\"><\/a><\/p>\n","protected":false},"excerpt":{"rendered":"<p>OPUS SIMPLEX KFT. Adatv\u00e9delmi t\u00e1j\u00e9koztat\u00f3 (a tov\u00e1bbiakban: \u201eT\u00e1j\u00e9koztat\u00f3\u201d) Hat\u00e1lybal\u00e9p\u00e9s napja: 2021. 03.23. 1. Az Adatkezel\u0151 megnevez\u00e9se \u00e9s el\u00e9rhet\u0151s\u00e9gei Az Opus Simplex Kft. (sz\u00e9khely: 1146 Budapest, D\u00f3zsa Gy\u00f6rgy \u00fat 15. fszt. 1., c\u00e9gjegyz\u00e9ksz\u00e1m: 01-09-945035, a tov\u00e1bbiakban: \u201eOpus Simplex\u201d vagy \u201eAdatkezel\u0151\u201d) a www.opussimplex.com honlap (a tov\u00e1bbiakban: \u201eWeboldal\u201d) l\u00e1togat\u00f3k \u00e1ltali megtekint\u00e9se miatt a szem\u00e9lyes adatok tekintet\u00e9ben \u2013 \u00f6sszhangban&#8230;<\/p>\n<div class=\" [&hellip;]\"><a href=\"https:\/\/opussimplex.com\/english\/adatvedelmi-tajekoztato\/\">Read More<\/a><\/div>\n","protected":false},"author":1,"featured_media":0,"parent":0,"menu_order":0,"comment_status":"closed","ping_status":"closed","template":"","meta":{"footnotes":""},"class_list":["post-2658","page","type-page","status-publish","hentry"],"_links":{"self":[{"href":"https:\/\/opussimplex.com\/english\/wp-json\/wp\/v2\/pages\/2658","targetHints":{"allow":["GET"]}}],"collection":[{"href":"https:\/\/opussimplex.com\/english\/wp-json\/wp\/v2\/pages"}],"about":[{"href":"https:\/\/opussimplex.com\/english\/wp-json\/wp\/v2\/types\/page"}],"author":[{"embeddable":true,"href":"https:\/\/opussimplex.com\/english\/wp-json\/wp\/v2\/users\/1"}],"replies":[{"embeddable":true,"href":"https:\/\/opussimplex.com\/english\/wp-json\/wp\/v2\/comments?post=2658"}],"version-history":[{"count":10,"href":"https:\/\/opussimplex.com\/english\/wp-json\/wp\/v2\/pages\/2658\/revisions"}],"predecessor-version":[{"id":4203,"href":"https:\/\/opussimplex.com\/english\/wp-json\/wp\/v2\/pages\/2658\/revisions\/4203"}],"wp:attachment":[{"href":"https:\/\/opussimplex.com\/english\/wp-json\/wp\/v2\/media?parent=2658"}],"curies":[{"name":"wp","href":"https:\/\/api.w.org\/{rel}","templated":true}]}}