{"id":2660,"date":"2019-10-08T10:33:46","date_gmt":"2019-10-08T08:33:46","guid":{"rendered":"https:\/\/opussimplex.com\/?page_id=2660"},"modified":"2020-03-12T09:07:22","modified_gmt":"2020-03-12T08:07:22","slug":"felhasznalasi-feltetelek","status":"publish","type":"page","link":"https:\/\/opussimplex.com\/english\/felhasznalasi-feltetelek\/","title":{"rendered":"Terms and Conditions of Use"},"content":{"rendered":"<p>Tisztelt L\u00e1togat\u00f3nk!<\/p>\n<p>K\u00e9rj\u00fck, sz\u00edveskedj\u00e9k az al\u00e1bbiakat figyelmesen elolvasni, miel\u0151tt honlapunkat haszn\u00e1lni kezden\u00e9.<\/p>\n<p>&nbsp;<\/p>\n<p>A WWW.OPUSSIMPLEX.HU HONLAPON TAL\u00c1LHAT\u00d3 INFORM\u00c1CI\u00d3K FELHASZN\u00c1L\u00c1S\u00c1NAK FELT\u00c9TELEI<\/p>\n<p>A <a href=\"http:\/\/www.opussimplex.hu\">https:\/\/www.opussimplex.hu<\/a> honlapot (a tov\u00e1bbiakban: Honlap) az\u00a0<strong>Opus Simplex Tan\u00e1csad\u00e1si \u00e9s K\u00e9pz\u00e9si Szolg\u00e1ltat\u00f3 Korl\u00e1tolt Felel\u0151ss\u00e9g\u0171 T\u00e1rsas\u00e1g<\/strong>\u00a0(1146 Budapest, D\u00f3zsa Gy\u00f6rgy \u00fat 15. f\u00f6ldszint 1., c\u00e9gjegyz\u00e9ksz\u00e1m: 01-09-945035; kapcsolat: kapcsolat@opussimplex.com, a tov\u00e1bbiakban: Opus Simplex m\u0171k\u00f6dteti.<\/p>\n<p>&nbsp;<\/p>\n<p>A Honlap b\u00e1rmely oldala megnyit\u00e1s\u00e1val \u00d6n korl\u00e1toz\u00e1s \u00e9s fenntart\u00e1s n\u00e9lk\u00fcl tudom\u00e1sul veszi, hogy a honlapunkon szerepl\u0151 inform\u00e1ci\u00f3k ig\u00e9nybev\u00e9telekor al\u00e1veti mag\u00e1t a hat\u00e1lyos magyar jog szerinti, k\u00fcl\u00f6n\u00f6sen az inform\u00e1ci\u00f3s \u00f6nrendelkez\u00e9si jogr\u00f3l \u00e9s az inform\u00e1ci\u00f3 szabads\u00e1gr\u00f3l sz\u00f3l\u00f3 2011. \u00e9vi CXII. t\u00f6rv\u00e9ny (a tov\u00e1bbiakban:\u00a0Infotv.), \u00e9s a term\u00e9szetes szem\u00e9lyeknek a szem\u00e9lyes adatok kezel\u00e9se tekintet\u00e9ben t\u00f6rt\u00e9n\u0151 v\u00e9delm\u00e9r\u0151l \u00e9s az ilyen adatok szabad \u00e1raml\u00e1s\u00e1r\u00f3l, valamint a 95\/46\/EK ir\u00e1nyelv hat\u00e1lyon k\u00edv\u00fcl helyez\u00e9s\u00e9r\u0151l sz\u00f3l\u00f3 2016. \u00e1prilis 27.-i 2016\/679 Eur\u00f3pai Parlament \u00e9s Tan\u00e1cs-i Rendelet (a tov\u00e1bbiakban:\u00a0Rendelet) el\u0151\u00edr\u00e1sainak.<\/p>\n<p>&nbsp;<\/p>\n<p>A Honlap tartalm\u00e1hoz t\u00f6rt\u00e9n\u0151 hozz\u00e1f\u00e9r\u00e9ssel, az oldalak b\u00f6ng\u00e9sz\u00e9s\u00e9vel \u00d6n korl\u00e1toz\u00e1s \u00e9s fenntart\u00e1s n\u00e9lk\u00fcl elfogadja a jelen nyilatkozatban foglalt felt\u00e9teleket, f\u00fcggetlen\u00fcl att\u00f3l, hogy azokat elolvasta-e, vagy sem. Ha jelen felt\u00e9teleket nem fogadja el, k\u00e9rj\u00fck, ne haszn\u00e1lja a honlapunkat.<\/p>\n<p>&nbsp;<\/p>\n<p>Az Opus Simplex fenntartja a jogot a Honlapon k\u00f6zz\u00e9tett nyilatkozatok tartalm\u00e1nak b\u00e1rmikor t\u00f6rt\u00e9n\u0151 fel\u00fclvizsg\u00e1lat\u00e1ra, a nyilatkozatok sz\u00fcks\u00e9g szerinti m\u00f3dos\u00edt\u00e1s\u00e1ra, illetve friss\u00edt\u00e9s\u00e9re. Ezen fel\u00fclvizsg\u00e1latok sor\u00e1n t\u00f6rt\u00e9nt m\u00f3dos\u00edt\u00e1sok \u00d6nre n\u00e9zve k\u00f6telez\u0151 \u00e9rv\u00e9ny\u0171ek, ez\u00e9rt k\u00e9rj\u00fck, hogy id\u0151r\u0151l-id\u0151re tekintse \u00e1t a nyilatkozatok tartalm\u00e1t az esetleg v\u00e9grehajtott v\u00e1ltoz\u00e1sok k\u00f6vet\u00e9se \u00e9rdek\u00e9ben.<\/p>\n<p>&nbsp;<\/p>\n<p>Amennyiben a Honlapon fellelhet\u0151 nyilatkozatok \u00e9rtelmez\u00e9s\u00e9vel kapcsolatban b\u00e1rmilyen k\u00e9rd\u00e9se mer\u00fclne fel, vagy amennyiben \u00d6n nyilatkozataink sz\u00ednvonal\u00e1nak jav\u00edt\u00e1sa \u00e9rdek\u00e9ben b\u00e1rmilyen javaslatot vagy megjegyz\u00e9st k\u00edv\u00e1n tenni, ezt a fenti el\u00e9rhet\u0151s\u00e9gekre k\u00fcld\u00f6tt megkeres\u00e9s \u00fatj\u00e1n teheti meg.<\/p>\n<p>&nbsp;<\/p>\n<p>FELEL\u0150SS\u00c9G KORL\u00c1TOZ\u00c1SA, KIZ\u00c1R\u00c1SA<\/p>\n<p>A Honlap b\u00e1rmilyen c\u00e9l\u00fa l\u00e1togat\u00e1s\u00e1t, haszn\u00e1lat\u00e1t mindenki saj\u00e1t felel\u0151ss\u00e9g\u00e9re teszi, saj\u00e1t bel\u00e1t\u00e1sa alapj\u00e1n. A Honlapon kereszt\u00fcl let\u00f6lt\u00f6tt \u00e9s megismert inform\u00e1ci\u00f3 felhaszn\u00e1l\u00e1sa \u00f6nk\u00e9ntes \u00e9s kiz\u00e1r\u00f3lag saj\u00e1t kock\u00e1zatra v\u00e9gzett tev\u00e9kenys\u00e9g. A Honlap l\u00e1togat\u00e1sakor \u2013 a r\u00e1kapcsol\u00f3d\u00e1ssal, tall\u00f3z\u00e1ssal, illetve let\u00f6lt\u00e9ssel kapcsolatban, k\u00f6zvetlen\u00fcl, illetve k\u00f6zvetetten vagy v\u00e9letlenszer\u0171en \u2013 felmer\u00fcl\u0151 hib\u00e1\u00e9rt, k\u00e1r\u00e9rt, adatveszt\u00e9s\u00e9rt, illetve a Honlap tartalmi hib\u00e1i\u00e9rt vagy hi\u00e1nyoss\u00e1gai\u00e9rt felel\u0151ss\u00e9g sem az Opus Simplexet, sem a Honlap k\u00e9sz\u00edt\u00e9s\u00e9ben \u00e9s \u00fczemeltet\u00e9s\u00e9ben r\u00e9sztvev\u0151 feleket nem terheli.<\/p>\n<p>&nbsp;<\/p>\n<p>A\u00a0Honlapon tal\u00e1lhat\u00f3 inform\u00e1ci\u00f3k kiz\u00e1r\u00f3lag t\u00e1j\u00e9koztat\u00e1sul szolg\u00e1lnak, semmilyen k\u00f6r\u00fclm\u00e9nyek k\u00f6z\u00f6tt sem min\u0151s\u00fclnek tan\u00e1csad\u00e1snak, vagy aj\u00e1nl\u00e1snak.<\/p>\n<p>&nbsp;<\/p>\n<p>Az Opus Simplex fenntartja azt a jogot, hogy el\u0151zetes bejelent\u00e9s n\u00e9lk\u00fcl a Honlap b\u00e1rmely vagy \u00f6sszes szolg\u00e1ltat\u00e1s\u00e1t megsz\u00fcntesse. A Honlapon technikai pontatlans\u00e1gok \u00e9s nyomdai hib\u00e1k el\u0151fordulhatnak. Az Opus Simplex fenntartja a jogot, hogy a mindenkor megjelen\u0151 tartalmat \u00e9s term\u00e9keket b\u00e1rmikor, \u00e9rtes\u00edt\u00e9s n\u00e9lk\u00fcl megv\u00e1ltoztassa, kijav\u00edtsa \u00e9s\/vagy t\u00f6k\u00e9letes\u00edtse.<\/p>\n<p>&nbsp;<\/p>\n<p>A HONLAPON TAL\u00c1LHAT\u00d3 HIVATKOZ\u00c1SOK, LINKEK<\/p>\n<p>A Honlap esetlegesen linkek seg\u00edts\u00e9g\u00e9vel egy\u00e9b honlapokhoz is kapcsol\u00f3dhat, azonban az Opus Simplex nem szavatolja ezen honlapokra mutat\u00f3 linkek folyamatos el\u00e9rhet\u0151s\u00e9g\u00e9t, valamint nem v\u00e1llal felel\u0151ss\u00e9get az \u00edgy el\u00e9rhet\u0151 oldalak tartalm\u00e1\u00e9rt m\u00e9g akkor sem, ha \u00d6n a Honlapon esetlegesen szerepl\u0151 hivatkoz\u00e1ssal jutott oda.<\/p>\n<p>&nbsp;<\/p>\n<p>TECHNIKAI FELEL\u0150SS\u00c9G<\/p>\n<p>Az Opus Simplex tov\u00e1bb\u00e1 nem v\u00e1llal felel\u0151ss\u00e9get \u00e9s nem vonhat\u00f3 felel\u0151ss\u00e9gre semmif\u00e9le k\u00e1r\u00e9rt, amely az \u00d6n sz\u00e1m\u00edt\u00f3g\u00e9p\u00e9t vagy egy\u00e9b tulajdon\u00e1t a Honlaphoz t\u00f6rt\u00e9n\u0151 kapcsol\u00f3d\u00e1s, illetve hozz\u00e1f\u00e9r\u00e9s sor\u00e1n \u00e9ri annak haszn\u00e1lata, illetve b\u00f6ng\u00e9sz\u00e9se k\u00f6vetkezt\u00e9ben, ide\u00e9rtve b\u00e1rmely anyag, adat, sz\u00f6veg, k\u00e9p, vide\u00f3 vagy hanganyag let\u00f6lt\u00e9se sor\u00e1n bek\u00f6vetkez\u0151 negat\u00edv esem\u00e9nyt. Ezen fel\u00fcl az Opus Simplex nem v\u00e1llal semmif\u00e9le felel\u0151ss\u00e9get a Honlap nem megfelel\u0151 m\u0171k\u00f6d\u00e9s\u00e9b\u0151l, \u00fczemzavar\u00e1b\u00f3l, vagy m\u00e1s hasonl\u00f3 okb\u00f3l keletkez\u0151 k\u00f6zvetlen, vagy k\u00f6zvetett k\u00e1rok\u00e9rt, vesztes\u00e9gek\u00e9rt, k\u00f6lts\u00e9gek\u00e9rt, vagy a honlapon tal\u00e1lhat\u00f3, vagy azon kereszt\u00fcl el\u00e9rhet\u0151 inform\u00e1ci\u00f3k pontoss\u00e1g\u00e1\u00e9rt, naprak\u00e9szs\u00e9g\u00e9\u00e9rt.<\/p>\n<p>&nbsp;<\/p>\n<p>Az Opus Simplex a kor technikai sz\u00ednvonal\u00e1nak megfelel\u0151en mindent megtesz a Honlapon a birtok\u00e1ba ker\u00fcl\u0151 szem\u00e9lyes adatok megv\u00e9d\u00e9s\u00e9\u00e9rt, azonban az adatokhoz val\u00f3 jogosulatlan hozz\u00e1f\u00e9r\u00e9ssel, azok megsemmis\u00edt\u00e9s\u00e9vel, megv\u00e1ltoztat\u00e1s\u00e1val vagy nyilv\u00e1noss\u00e1gra hozatal\u00e1val okozott, vagy az ilyen jogszer\u0171tlen magatart\u00e1sokkal \u00f6sszef\u00fcgg\u00e9sben keletkezett esetleges k\u00e1rok\u00e9rt felel\u0151ss\u00e9get nem v\u00e1llal, azok\u00e9rt kiz\u00e1r\u00f3lag az ilyen magatart\u00e1sok megval\u00f3s\u00edt\u00f3ja a felel\u0151s.<\/p>\n<p>&nbsp;<\/p>\n<p>ADATKEZEL\u00c9SI T\u00c1J\u00c9KOZTAT\u00d3<\/p>\n<p>Az Opus Simplex a szem\u00e9lyes adatok esetleges kezel\u00e9se sor\u00e1n k\u00fcl\u00f6n\u00f6sen az Infotv. \u00e9s a Rendelet el\u0151\u00edr\u00e1sait marad\u00e9ktalanul betartja. A Honlap m\u0171k\u00f6d\u00e9s\u00e9hez kapcsol\u00f3d\u00f3 adatkezel\u00e9sekre vonatkoz\u00f3 Adatkezel\u00e9si T\u00e1j\u00e9koztat\u00f3 folyamatosan el\u00e9rhet\u0151 a\u00a0<a href=\"http:\/\/opussimplex.hu\/adatvedelem\">https:\/\/opussimplex.hu\/adatvedelem<\/a>\u00a0 oldalon kereszt\u00fcl.<\/p>\n<p>&nbsp;<\/p>\n<p>SZERZ\u0150I JOG<\/p>\n<p>A Honlapon tal\u00e1lhat\u00f3 \u00f6sszes k\u00e9pi \u00e9s sz\u00f6veges tartalom \u00e9s azok elrendez\u00e9se szerz\u0151i jogi, illetve v\u00e9djegy oltalom alatt \u00e1llnak. Azok b\u00e1rmilyen form\u00e1ban t\u00f6rt\u00e9n\u0151 felhaszn\u00e1l\u00e1sa, a szem\u00e9lyes haszn\u00e1latot meghalad\u00f3 m\u00e9rt\u00e9kben \u2013 kiv\u00e9ve a szerz\u0151i jogr\u00f3l sz\u00f3l\u00f3 1999. \u00e9vi LXXVI. t\u00f6rv\u00e9ny szabad felhaszn\u00e1l\u00e1snak min\u0151s\u00fcl\u0151 eseteket \u2013 kiz\u00e1r\u00f3lag az Opus Simplex kifejezetten erre vonatkoz\u00f3 \u00edr\u00e1sos enged\u00e9ly\u00e9vel lehets\u00e9ges.<\/p>\n<p>&nbsp;<\/p>","protected":false},"excerpt":{"rendered":"<p>Tisztelt L\u00e1togat\u00f3nk! K\u00e9rj\u00fck, sz\u00edveskedj\u00e9k az al\u00e1bbiakat figyelmesen elolvasni, miel\u0151tt honlapunkat haszn\u00e1lni kezden\u00e9. &nbsp; A WWW.OPUSSIMPLEX.HU HONLAPON TAL\u00c1LHAT\u00d3 INFORM\u00c1CI\u00d3K FELHASZN\u00c1L\u00c1S\u00c1NAK FELT\u00c9TELEI A https:\/\/www.opussimplex.hu honlapot (a tov\u00e1bbiakban: Honlap) az\u00a0Opus Simplex Tan\u00e1csad\u00e1si \u00e9s K\u00e9pz\u00e9si Szolg\u00e1ltat\u00f3 Korl\u00e1tolt Felel\u0151ss\u00e9g\u0171 T\u00e1rsas\u00e1g\u00a0(1146 Budapest, D\u00f3zsa Gy\u00f6rgy \u00fat 15. f\u00f6ldszint 1., c\u00e9gjegyz\u00e9ksz\u00e1m: 01-09-945035; kapcsolat: kapcsolat@opussimplex.com, a tov\u00e1bbiakban: Opus Simplex m\u0171k\u00f6dteti. &nbsp; A Honlap b\u00e1rmely&#8230;<\/p>\n<div class=\" [&hellip;]\"><a href=\"https:\/\/opussimplex.com\/english\/felhasznalasi-feltetelek\/\">Read More<\/a><\/div>\n","protected":false},"author":1,"featured_media":0,"parent":0,"menu_order":0,"comment_status":"closed","ping_status":"closed","template":"","meta":{"footnotes":""},"class_list":["post-2660","page","type-page","status-publish","hentry"],"_links":{"self":[{"href":"https:\/\/opussimplex.com\/english\/wp-json\/wp\/v2\/pages\/2660","targetHints":{"allow":["GET"]}}],"collection":[{"href":"https:\/\/opussimplex.com\/english\/wp-json\/wp\/v2\/pages"}],"about":[{"href":"https:\/\/opussimplex.com\/english\/wp-json\/wp\/v2\/types\/page"}],"author":[{"embeddable":true,"href":"https:\/\/opussimplex.com\/english\/wp-json\/wp\/v2\/users\/1"}],"replies":[{"embeddable":true,"href":"https:\/\/opussimplex.com\/english\/wp-json\/wp\/v2\/comments?post=2660"}],"version-history":[{"count":4,"href":"https:\/\/opussimplex.com\/english\/wp-json\/wp\/v2\/pages\/2660\/revisions"}],"predecessor-version":[{"id":3296,"href":"https:\/\/opussimplex.com\/english\/wp-json\/wp\/v2\/pages\/2660\/revisions\/3296"}],"wp:attachment":[{"href":"https:\/\/opussimplex.com\/english\/wp-json\/wp\/v2\/media?parent=2660"}],"curies":[{"name":"wp","href":"https:\/\/api.w.org\/{rel}","templated":true}]}}