{"id":3137,"date":"2020-02-04T13:10:32","date_gmt":"2020-02-04T12:10:32","guid":{"rendered":"https:\/\/opussimplex.com\/?page_id=3137"},"modified":"2020-02-04T13:10:32","modified_gmt":"2020-02-04T12:10:32","slug":"koszonjuk-megkereseset","status":"publish","type":"page","link":"https:\/\/opussimplex.com\/english\/koszonjuk-megkereseset\/","title":{"rendered":"K\u00f6sz\u00f6nj\u00fck megkeres\u00e9s\u00e9t"},"content":{"rendered":"<h2 style=\"text-align: center;\"><\/h2>\n<h2 style=\"text-align: left;\">Koll\u00e9g\u00e1ink hamarosan felveszik \u00f6nnel a kapcsolatot a megadott el\u00e9rhet\u0151s\u00e9geken.<\/h2>","protected":false},"excerpt":{"rendered":"<p>Koll\u00e9g\u00e1ink hamarosan felveszik \u00f6nnel a kapcsolatot a megadott el\u00e9rhet\u0151s\u00e9geken.<\/p>","protected":false},"author":1,"featured_media":0,"parent":0,"menu_order":0,"comment_status":"closed","ping_status":"closed","template":"","meta":{"footnotes":""},"class_list":["post-3137","page","type-page","status-publish","hentry"],"_links":{"self":[{"href":"https:\/\/opussimplex.com\/english\/wp-json\/wp\/v2\/pages\/3137","targetHints":{"allow":["GET"]}}],"collection":[{"href":"https:\/\/opussimplex.com\/english\/wp-json\/wp\/v2\/pages"}],"about":[{"href":"https:\/\/opussimplex.com\/english\/wp-json\/wp\/v2\/types\/page"}],"author":[{"embeddable":true,"href":"https:\/\/opussimplex.com\/english\/wp-json\/wp\/v2\/users\/1"}],"replies":[{"embeddable":true,"href":"https:\/\/opussimplex.com\/english\/wp-json\/wp\/v2\/comments?post=3137"}],"version-history":[{"count":3,"href":"https:\/\/opussimplex.com\/english\/wp-json\/wp\/v2\/pages\/3137\/revisions"}],"predecessor-version":[{"id":3141,"href":"https:\/\/opussimplex.com\/english\/wp-json\/wp\/v2\/pages\/3137\/revisions\/3141"}],"wp:attachment":[{"href":"https:\/\/opussimplex.com\/english\/wp-json\/wp\/v2\/media?parent=3137"}],"curies":[{"name":"wp","href":"https:\/\/api.w.org\/{rel}","templated":true}]}}