{"id":381,"date":"2017-01-31T00:38:15","date_gmt":"2017-01-31T00:38:15","guid":{"rendered":"http:\/\/local.law:8888\/?page_id=381"},"modified":"2021-11-23T16:16:08","modified_gmt":"2021-11-23T15:16:08","slug":"esemenyek","status":"publish","type":"page","link":"https:\/\/opussimplex.com\/english\/esemenyek\/","title":{"rendered":"Events"},"content":{"rendered":"<div class=\"vc_row wpb_row vc_row-fluid\"><div class=\"wpb_column vc_column_container vc_col-sm-12\"><div class=\"vc_column-inner\"><div class=\"wpb_wrapper\">\n  <div class=\"os-container\">\n    <div class=\"os-history-entry\"><div class=\"history-entry-date\"><div class=\"history-entry-date-i\">2021.11.24.<\/div><\/div><div class=\"history-event-description\"><div class=\"history-event-description-i\"><p>dr. Kov\u00e1cs M. Szabolcs koll\u00e9g\u00e1nk tart el\u0151ad\u00e1st egy Partner-nap keretei k\u00f6z\u00f6tt az Orgware Kft. szervez\u00e9s\u00e9ben.<\/p>\n<p>T\u00e9ma:<\/p>\n<p>11:00\u00a0\u00a0 MT v\u00e1ltoz\u00e1sok \u2013 Home Office, t\u00e1vmunkav\u00e9gz\u00e9s, munkaid\u0151keret<\/p>\n<p>12:30\u00a0\u00a0 Eszjtv v\u00e1ltoz\u00e1sok<\/p>\n<\/div><\/div>\n    <\/div>\n  <\/div>\n  <div class=\"os-container\">\n    <div class=\"os-history-entry\"><div class=\"history-entry-date\"><div class=\"history-entry-date-i\">2021.07.12.<\/div><\/div><div class=\"history-event-description\"><div class=\"history-event-description-i\"><p>Gratul\u00e1lunk dr. K\u00e1rty\u00e1s G\u00e1bor koll\u00e9g\u00e1nknak, akit az E\u00f6tv\u00f6s Lor\u00e1nd Tudom\u00e1nyegyetem Szen\u00e1tusa, a Kar vezet\u00e9s\u00e9nek el\u0151terjeszt\u00e9s\u00e9re, a Kar Jogi Tov\u00e1bbk\u00e9pz\u0151 Int\u00e9zet\u00e9ben kifejtett t\u00f6bb, mint egy \u00e9vtizedes, a Munkajogi szakjog\u00e1sz \u00e9s Munkajogi szakokleveles tan\u00e1csad\u00f3 k\u00e9pz\u00e9sen ny\u00fajtott kiemelked\u0151en magas sz\u00ednvonal\u00fa oktat\u00f3i munk\u00e1j\u00e1nak elismer\u00e9sek\u00e9nt \u201eC\u00cdMZETES EGYETEMI DOCENS\u201d kit\u00fcntet\u00e9sben r\u00e9szes\u00edtett.<\/p>\n<\/div><\/div>\n    <\/div>\n  <\/div>\n  <div class=\"os-container\">\n    <div class=\"os-history-entry\"><div class=\"history-entry-date\"><div class=\"history-entry-date-i\">2021.06.01.<\/div><\/div><div class=\"history-event-description\"><div class=\"history-event-description-i\"><p>Az idei ny\u00e1r t\u00f6bb elismer\u00e9st is hozott koll\u00e9g\u00e1inknak. A British Publishing House megkereste dr. Tak\u00e1cs G\u00e1bort, hogy a Magyarorsz\u00e1g 3000 sikeres \u00fczletember\u00e9t 2021-ben bemutat\u00f3, j\u00faniusban megjelen\u0151 enciklop\u00e9di\u00e1j\u00e1ban megjelen\u00edthesse \u00f6n\u00e9letrajz\u00e1t. Az enciklop\u00e9di\u00e1ba a kiad\u00f3 aj\u00e1nl\u00e1sok \u00fatj\u00e1n olyan szem\u00e9lyis\u00e9geket vesz fel, akik \u00e9rt\u00e9kes \u00e9s megbecs\u00fclt tagjai t\u00e1rsadalmunknak.<\/p>\n<\/div><\/div>\n    <\/div>\n  <\/div>\n\t<div class=\"wpb_text_column wpb_content_element\" >\n\t\t<div class=\"wpb_wrapper\">\n\t\t\t\n\t\t<\/div>\n\t<\/div>\n<\/div><\/div><\/div><\/div><div class=\"vc_row wpb_row vc_row-fluid\"><div class=\"wpb_column vc_column_container vc_col-sm-12\"><div class=\"vc_column-inner\"><div class=\"wpb_wrapper\">\n  <div class=\"os-container\">\n    <div class=\"os-history-entry\"><div class=\"history-entry-date\"><div class=\"history-entry-date-i\">2021.03.16.<\/div><\/div><div class=\"history-event-description\"><div class=\"history-event-description-i\"><p>Imm\u00e1r m\u00e1sodik alkalommal tartj\u00e1k koll\u00e9g\u00e1ink, Tak\u00e1cs G\u00e1bor \u00e9s K\u00e1rty\u00e1s G\u00e1bor a jogi szakvizsga-felk\u00e9sz\u00edt\u0151 tanfolyamot a PPKE J\u00c1K szervez\u00e9s\u00e9ben, ahol a munkajog \u00e9s a t\u00e1rsadalombiztos\u00edt\u00e1si jog ter\u00fcleten seg\u00edtik a felk\u00e9sz\u00fcl\u00e9st, eg\u00e9szen m\u00e1jus elej\u00e9ig.<\/p>\n<p><a href=\"https:\/\/jak.ppke.hu\/deak-ferenc-intezet\/erdeklodoknek\/kepzeseink-jogaszoknak\/jogi-szakvizsga-felkeszito-tanfolyam\">Details<\/a><\/p>\n<\/div><\/div>\n    <\/div>\n  <\/div><\/div><\/div><\/div><\/div>","protected":false},"excerpt":{"rendered":"2021.11.24.dr. Kov\u00e1cs M. Szabolcs koll\u00e9g\u00e1nk tart el\u0151ad\u00e1st egy Partner-nap keretei k\u00f6z\u00f6tt az Orgware Kft. szervez\u00e9s\u00e9ben. T\u00e9ma: 11:00\u00a0\u00a0 MT v\u00e1ltoz\u00e1sok \u2013 Home Office, t\u00e1vmunkav\u00e9gz\u00e9s, munkaid\u0151keret 12:30\u00a0\u00a0 Eszjtv v\u00e1ltoz\u00e1sok 2021.07.12.Gratul\u00e1lunk dr. K\u00e1rty\u00e1s G\u00e1bor koll\u00e9g\u00e1nknak, akit az E\u00f6tv\u00f6s Lor\u00e1nd Tudom\u00e1nyegyetem Szen\u00e1tusa, a Kar vezet\u00e9s\u00e9nek el\u0151terjeszt\u00e9s\u00e9re, a Kar Jogi Tov\u00e1bbk\u00e9pz\u0151 Int\u00e9zet\u00e9ben kifejtett t\u00f6bb, mint egy \u00e9vtizedes, a Munkajogi szakjog\u00e1sz...<div class=\" [...]\"><a href=\"https:\/\/opussimplex.com\/english\/esemenyek\/\">Read More<\/a><\/div>","protected":false},"author":1,"featured_media":14,"parent":0,"menu_order":0,"comment_status":"closed","ping_status":"closed","template":"","meta":{"footnotes":""},"class_list":["post-381","page","type-page","status-publish","has-post-thumbnail","hentry"],"_links":{"self":[{"href":"https:\/\/opussimplex.com\/english\/wp-json\/wp\/v2\/pages\/381","targetHints":{"allow":["GET"]}}],"collection":[{"href":"https:\/\/opussimplex.com\/english\/wp-json\/wp\/v2\/pages"}],"about":[{"href":"https:\/\/opussimplex.com\/english\/wp-json\/wp\/v2\/types\/page"}],"author":[{"embeddable":true,"href":"https:\/\/opussimplex.com\/english\/wp-json\/wp\/v2\/users\/1"}],"replies":[{"embeddable":true,"href":"https:\/\/opussimplex.com\/english\/wp-json\/wp\/v2\/comments?post=381"}],"version-history":[{"count":19,"href":"https:\/\/opussimplex.com\/english\/wp-json\/wp\/v2\/pages\/381\/revisions"}],"predecessor-version":[{"id":4397,"href":"https:\/\/opussimplex.com\/english\/wp-json\/wp\/v2\/pages\/381\/revisions\/4397"}],"wp:featuredmedia":[{"embeddable":true,"href":"https:\/\/opussimplex.com\/english\/wp-json\/wp\/v2\/media\/14"}],"wp:attachment":[{"href":"https:\/\/opussimplex.com\/english\/wp-json\/wp\/v2\/media?parent=381"}],"curies":[{"name":"wp","href":"https:\/\/api.w.org\/{rel}","templated":true}]}}