{"id":4151,"date":"2021-03-05T11:37:40","date_gmt":"2021-03-05T10:37:40","guid":{"rendered":"https:\/\/opussimplex.com\/?page_id=4151"},"modified":"2021-04-29T11:07:25","modified_gmt":"2021-04-29T09:07:25","slug":"cookie-tajekoztato","status":"publish","type":"page","link":"https:\/\/opussimplex.com\/english\/cookie-tajekoztato\/","title":{"rendered":"Cookie t\u00e1j\u00e9koztat\u00f3"},"content":{"rendered":"<p><script type=\"text\/javascript\" charset=\"UTF-8\" data-cookiescriptreport=\"report\" src=\"\/\/report.cookie-script.com\/r\/ca062f0f1d27d8e61e2e44c4b7005fdc.js\"><\/script><\/p>","protected":false},"excerpt":{"rendered":"","protected":false},"author":1,"featured_media":0,"parent":0,"menu_order":0,"comment_status":"closed","ping_status":"closed","template":"","meta":{"footnotes":""},"class_list":["post-4151","page","type-page","status-publish","hentry"],"_links":{"self":[{"href":"https:\/\/opussimplex.com\/english\/wp-json\/wp\/v2\/pages\/4151","targetHints":{"allow":["GET"]}}],"collection":[{"href":"https:\/\/opussimplex.com\/english\/wp-json\/wp\/v2\/pages"}],"about":[{"href":"https:\/\/opussimplex.com\/english\/wp-json\/wp\/v2\/types\/page"}],"author":[{"embeddable":true,"href":"https:\/\/opussimplex.com\/english\/wp-json\/wp\/v2\/users\/1"}],"replies":[{"embeddable":true,"href":"https:\/\/opussimplex.com\/english\/wp-json\/wp\/v2\/comments?post=4151"}],"version-history":[{"count":2,"href":"https:\/\/opussimplex.com\/english\/wp-json\/wp\/v2\/pages\/4151\/revisions"}],"predecessor-version":[{"id":4153,"href":"https:\/\/opussimplex.com\/english\/wp-json\/wp\/v2\/pages\/4151\/revisions\/4153"}],"wp:attachment":[{"href":"https:\/\/opussimplex.com\/english\/wp-json\/wp\/v2\/media?parent=4151"}],"curies":[{"name":"wp","href":"https:\/\/api.w.org\/{rel}","templated":true}]}}