{"id":545,"date":"2017-02-02T18:46:31","date_gmt":"2017-02-02T18:46:31","guid":{"rendered":"http:\/\/local.law:8888\/?page_id=414"},"modified":"2020-11-20T13:45:50","modified_gmt":"2020-11-20T12:45:50","slug":"gyik","status":"publish","type":"page","link":"https:\/\/opussimplex.com\/english\/cegunkrol\/gyik\/","title":{"rendered":"F.A.Q."},"content":{"rendered":"<div class=\"vc_row wpb_row vc_row-fluid\"><div class=\"wpb_column vc_column_container vc_col-sm-12\"><div class=\"vc_column-inner\"><div class=\"wpb_wrapper\"><div class=\"vc_tta-container\" data-vc-action=\"collapse\"><div class=\"vc_general vc_tta vc_tta-accordion vc_tta-color-grey vc_tta-style-classic vc_tta-shape-rounded vc_tta-o-shape-group vc_tta-controls-align-left\"><div class=\"vc_tta-panels-container\"><div class=\"vc_tta-panels\"><div class=\"vc_tta-panel vc_active\" id=\"1486060841464-72c9614d-28ff\" data-vc-content=\".vc_tta-panel-body\"><div class=\"vc_tta-panel-heading\"><h4 class=\"vc_tta-panel-title vc_tta-controls-icon-position-left\"><a href=\"#1486060841464-72c9614d-28ff\" data-vc-accordion data-vc-container=\".vc_tta-container\"><span class=\"vc_tta-title-text\">How can we start working together?<\/span><i class=\"vc_tta-controls-icon vc_tta-controls-icon-plus\"><\/i><\/a><\/h4><\/div><div class=\"vc_tta-panel-body\">\n\t<div class=\"wpb_text_column wpb_content_element\" >\n\t\t<div class=\"wpb_wrapper\">\n\t\t\t<p>Please contact us through our website, and we will soon get in touch with you and launch the process of cooperation. In the course of the in-person or online introduction we will discuss how we can help you and what kind of contract is recommended for that purpose.<\/p>\n\n\t\t<\/div>\n\t<\/div>\n<\/div><\/div><div class=\"vc_tta-panel\" id=\"1486060841493-1af7ba4f-b8c9\" data-vc-content=\".vc_tta-panel-body\"><div class=\"vc_tta-panel-heading\"><h4 class=\"vc_tta-panel-title vc_tta-controls-icon-position-left\"><a href=\"#1486060841493-1af7ba4f-b8c9\" data-vc-accordion data-vc-container=\".vc_tta-container\"><span class=\"vc_tta-title-text\">What determines the remuneration?<\/span><i class=\"vc_tta-controls-icon vc_tta-controls-icon-plus\"><\/i><\/a><\/h4><\/div><div class=\"vc_tta-panel-body\">\n\t<div class=\"wpb_text_column wpb_content_element\" >\n\t\t<div class=\"wpb_wrapper\">\n\t\t\t<p>In principle, we work on an hourly rate or flat rate basis. We recommend the latter to our clients who would like to receive professional support on a regular basis, which allows us to get to know their operation more thoroughly and to thus deliver even more efficient answers.<\/p>\n\n\t\t<\/div>\n\t<\/div>\n<\/div><\/div><div class=\"vc_tta-panel\" id=\"1486061037607-a683460f-8bbd\" data-vc-content=\".vc_tta-panel-body\"><div class=\"vc_tta-panel-heading\"><h4 class=\"vc_tta-panel-title vc_tta-controls-icon-position-left\"><a href=\"#1486061037607-a683460f-8bbd\" data-vc-accordion data-vc-container=\".vc_tta-container\"><span class=\"vc_tta-title-text\">How can you meet us?<\/span><i class=\"vc_tta-controls-icon vc_tta-controls-icon-plus\"><\/i><\/a><\/h4><\/div><div class=\"vc_tta-panel-body\">\n\t<div class=\"wpb_text_column wpb_content_element\" >\n\t\t<div class=\"wpb_wrapper\">\n\t\t\t<p>We collaborate with many training organisers, and in cooperation with them we hold in-person and online trainings; you can meet us on these occasions. Also, if you contact us through our website, we can make an appointment for an in-person or online consultation.<\/p>\n\n\t\t<\/div>\n\t<\/div>\n<\/div><\/div><\/div><\/div><\/div><\/div><\/div><\/div><\/div><\/div>","protected":false},"excerpt":{"rendered":"Hogyan kezdhet\u00fcnk egy\u00fctt dolgozni? K\u00e9rj\u00fck, vegye fel vel\u00fcnk a kapcsolatot a honlapunkon kereszt\u00fcl, r\u00f6videsen megkeress\u00fck \u00d6nt, \u00e9s elind\u00edtjuk az egy\u00fcttm\u0171k\u00f6d\u00e9s folyamat\u00e1t. A szem\u00e9lyesen, vagy online form\u00e1ban t\u00f6rt\u00e9n\u0151 bemutatkoz\u00e1s sor\u00e1n megbesz\u00e9lj\u00fck, hogy miben tudjuk \u00d6nt seg\u00edteni, \u00e9s hogy ehhez milyen t\u00edpus\u00fa szerz\u0151d\u00e9s megk\u00f6t\u00e9se javasolt. Hogy alakul a d\u00edjaz\u00e1s? Alapvet\u0151en \u00f3rad\u00edjas vagy \u00e1tal\u00e1nyd\u00edjas form\u00e1ban dolgozunk. Ut\u00f3bbit azoknak...<div class=\" [...]\"><a href=\"https:\/\/opussimplex.com\/english\/cegunkrol\/gyik\/\">Read More<\/a><\/div>","protected":false},"author":1,"featured_media":0,"parent":2463,"menu_order":0,"comment_status":"closed","ping_status":"closed","template":"","meta":{"footnotes":""},"class_list":["post-545","page","type-page","status-publish","hentry"],"_links":{"self":[{"href":"https:\/\/opussimplex.com\/english\/wp-json\/wp\/v2\/pages\/545","targetHints":{"allow":["GET"]}}],"collection":[{"href":"https:\/\/opussimplex.com\/english\/wp-json\/wp\/v2\/pages"}],"about":[{"href":"https:\/\/opussimplex.com\/english\/wp-json\/wp\/v2\/types\/page"}],"author":[{"embeddable":true,"href":"https:\/\/opussimplex.com\/english\/wp-json\/wp\/v2\/users\/1"}],"replies":[{"embeddable":true,"href":"https:\/\/opussimplex.com\/english\/wp-json\/wp\/v2\/comments?post=545"}],"version-history":[{"count":11,"href":"https:\/\/opussimplex.com\/english\/wp-json\/wp\/v2\/pages\/545\/revisions"}],"predecessor-version":[{"id":3755,"href":"https:\/\/opussimplex.com\/english\/wp-json\/wp\/v2\/pages\/545\/revisions\/3755"}],"up":[{"embeddable":true,"href":"https:\/\/opussimplex.com\/english\/wp-json\/wp\/v2\/pages\/2463"}],"wp:attachment":[{"href":"https:\/\/opussimplex.com\/english\/wp-json\/wp\/v2\/media?parent=545"}],"curies":[{"name":"wp","href":"https:\/\/api.w.org\/{rel}","templated":true}]}}