{"id":582,"date":"2017-02-18T19:55:50","date_gmt":"2017-02-18T19:55:50","guid":{"rendered":"http:\/\/law.pinsupreme.com\/?page_id=582"},"modified":"2025-01-07T14:46:58","modified_gmt":"2025-01-07T13:46:58","slug":"kapcsolat","status":"publish","type":"page","link":"https:\/\/opussimplex.com\/english\/cegunkrol\/kapcsolat\/","title":{"rendered":"Contact us"},"content":{"rendered":"<div class=\"vc_row wpb_row vc_row-fluid\"><div class=\"wpb_column vc_column_container vc_col-sm-6\"><div class=\"vc_column-inner\"><div class=\"wpb_wrapper\">\n\t<div class=\"wpb_text_column wpb_content_element\" >\n\t\t<div class=\"wpb_wrapper\">\n\t\t\t<p><i class=\"fa fa-map-marker align-right\" aria-hidden=\"true\"><\/i>Adress<br \/>\n1146 Budapest, D\u00f3zsa Gy\u00f6rgy \u00fat 15. fsz 1. (11-es kapucseng\u0151)<\/p>\n<p><i class=\"fa fa-envelope-o align-right\" aria-hidden=\"true\"><\/i>Email:<br \/>\n<a href=\"mailto:kapcsolat@opussimplex.com\">kapcsolat@opussimplex.com<\/a><\/p>\n<p><i class=\"fa fa-phone align-right\" aria-hidden=\"true\"><\/i>Telefon:<br \/>\n<a href=\"tel:+36 1 783 5960\">+36 1 783 5960<\/a><\/p>\n<p><i class=\"fa fa-mobile align-right\" aria-hidden=\"true\"><\/i>Mobil:<br \/>\n<a href=\"tel:+36 70 940 6024\">+36 70 273 7372<\/a><\/p>\n\n\t\t<\/div>\n\t<\/div>\n<\/div><\/div><\/div><div class=\"wpb_column vc_column_container vc_col-sm-6\"><div class=\"vc_column-inner\"><div class=\"wpb_wrapper\">\n\t<div class=\"wpb_text_column wpb_content_element\" >\n\t\t<div class=\"wpb_wrapper\">\n\t\t\t\n\t\t<\/div>\n\t<\/div>\n<\/div><\/div><\/div><\/div><div class=\"vc_row wpb_row vc_row-fluid\"><div class=\"wpb_column vc_column_container vc_col-sm-12\"><div class=\"vc_column-inner\"><div class=\"wpb_wrapper\">\n\t<div class=\"wpb_text_column wpb_content_element\" >\n\t\t<div class=\"wpb_wrapper\">\n\t\t\t\n\t\t<\/div>\n\t<\/div>\n<\/div><\/div><\/div><\/div><div class=\"vc_row wpb_row vc_row-fluid\"><div class=\"wpb_column vc_column_container vc_col-sm-12\"><div class=\"vc_column-inner\"><div class=\"wpb_wrapper\"><div class=\"wpb_gmaps_widget wpb_content_element\"><div class=\"wpb_wrapper\"><div class=\"wpb_map_wraper\"><iframe loading=\"lazy\" src=\"https:\/\/www.google.com\/maps\/embed?pb=!1m14!1m8!1m3!1d10780.876305230237!2d19.0878375!3d47.5051246!3m2!1i1024!2i768!4f13.1!3m3!1m2!1s0x0%3A0x1c0b4993cb59210!2sOpus%20Simplex%20Kft.!5e0!3m2!1shu!2shu!4v1576225562545!5m2!1shu!2shu\" width=\"600\" height=\"450\" frameborder=\"0\" style=\"border:0;\" allowfullscreen=\"\"><\/iframe><\/div><\/div><\/div><\/div><\/div><\/div><\/div>","protected":false},"excerpt":{"rendered":"C\u00edm: 1146 Budapest, D\u00f3zsa Gy\u00f6rgy \u00fat 15. fsz 1. (11-es kapucseng\u0151) Email: kapcsolat@opussimplex.com Telefon: +36 1 783 5960 Mobil: +36 70 273 7372","protected":false},"author":1,"featured_media":0,"parent":2463,"menu_order":0,"comment_status":"closed","ping_status":"closed","template":"","meta":{"footnotes":""},"class_list":["post-582","page","type-page","status-publish","hentry"],"_links":{"self":[{"href":"https:\/\/opussimplex.com\/english\/wp-json\/wp\/v2\/pages\/582","targetHints":{"allow":["GET"]}}],"collection":[{"href":"https:\/\/opussimplex.com\/english\/wp-json\/wp\/v2\/pages"}],"about":[{"href":"https:\/\/opussimplex.com\/english\/wp-json\/wp\/v2\/types\/page"}],"author":[{"embeddable":true,"href":"https:\/\/opussimplex.com\/english\/wp-json\/wp\/v2\/users\/1"}],"replies":[{"embeddable":true,"href":"https:\/\/opussimplex.com\/english\/wp-json\/wp\/v2\/comments?post=582"}],"version-history":[{"count":19,"href":"https:\/\/opussimplex.com\/english\/wp-json\/wp\/v2\/pages\/582\/revisions"}],"predecessor-version":[{"id":4900,"href":"https:\/\/opussimplex.com\/english\/wp-json\/wp\/v2\/pages\/582\/revisions\/4900"}],"up":[{"embeddable":true,"href":"https:\/\/opussimplex.com\/english\/wp-json\/wp\/v2\/pages\/2463"}],"wp:attachment":[{"href":"https:\/\/opussimplex.com\/english\/wp-json\/wp\/v2\/media?parent=582"}],"curies":[{"name":"wp","href":"https:\/\/api.w.org\/{rel}","templated":true}]}}