{"id":756,"date":"2017-03-26T21:33:01","date_gmt":"2017-03-26T21:33:01","guid":{"rendered":"http:\/\/law.pinsupreme.com\/?page_id=756"},"modified":"2020-11-20T13:23:31","modified_gmt":"2020-11-20T12:23:31","slug":"dijazas","status":"publish","type":"page","link":"https:\/\/opussimplex.com\/english\/cegunkrol\/dijazas\/","title":{"rendered":"Remuneration"},"content":{"rendered":"<div class=\"vc_row wpb_row vc_row-fluid\"><div class=\"wpb_column vc_column_container vc_col-sm-12\"><div class=\"vc_column-inner\"><div class=\"wpb_wrapper\">\n  <div class=\"os-container\">\n    <div class=\"os-pricing_plans\"><div class=\"pricing_plan\">\n              <div class=\"pricing-plan-header\">\n                <div class=\"pp-icon\"><i class=\"os-icon os-icon-thin-0413_money_coins_jettons_chips\"><\/i><\/div>\n                <div class=\"pp-name\">\n                  <h3 class=\"pp-title\">Flat rate<\/h3>\n                  <div class=\"pp-subtitle\">For continuous support<\/div>\n                <\/div>\n                <div class=\"pp-price\"><div class=\"pp-price-value\" style=\"\">From 10 hours per month<\/div><div class=\"pp-price-period\"><\/div><\/div>\n              <\/div>\n              <div class=\"pricing-plan-features\">\n                <h6>Jellemz\u0151k<\/h6>\n                <ul><li class=\"status-on\">\u2022\tReduced hourly rate<\/li><li class=\"status-on\">\u2022\tPredictable monthly costs<\/li><li class=\"status-on\">\u2022\tA specific range of hours which can be used at any time over the year<\/li><li class=\"status-on\">\u2022\tEnd-year settlement<\/li><\/ul>\n              <\/div>\n              <div class=\"pricing-plan-description\">\n                <h6>Plan Description<\/h6>\n                <div><h3 class=\"p1\">Who is it recommended to?<\/h3>\r\nTo clients who would like to receive continuous support and wish to involve us into their day-to-day operation, which will allow us to give even more practical answers to their questions.<\/div>\n              <\/div>\n              <div class=\"pricing-plan-link\">\n                <a href=\"https:\/\/opussimplex.com\/english\/#rowConsult\" class=\"os-btn under outline\">I would like to receive an offer<\/a>\n              <\/div><\/div><div class=\"pricing_plan\">\n              <div class=\"pricing-plan-header\">\n                <div class=\"pp-icon\"><i class=\"os-icon os-icon-thin-0030_wrist_watch_clock_time\"><\/i><\/div>\n                <div class=\"pp-name\">\n                  <h3 class=\"pp-title\">Hourly rate<\/h3>\n                  <div class=\"pp-subtitle\">For non-regular cooperation<\/div>\n                <\/div>\n                <div class=\"pp-price\"><div class=\"pp-price-value\" style=\"\">From 8-10 hours per month<\/div><div class=\"pp-price-period\"><\/div><\/div>\n              <\/div>\n              <div class=\"pricing-plan-features\">\n                <h6>Jellemz\u0151k<\/h6>\n                <ul><li class=\"status-on\">\u2022\tResponse within 2-5 working days<\/li><li class=\"status-on\">\u2022\tWithout obligation to place an order<\/li><li class=\"status-on\">\u2022\tBased on 6-minute time units<\/li><li class=\"status-on\">\u2022\tMonth-end settlement<\/li><\/ul>\n              <\/div>\n              <div class=\"pricing-plan-description\">\n                <h6>Plan Description<\/h6>\n                <div><h3 class=\"p1\">Who is it recommended to?<\/h3>\r\nTo clients who would like to receive quick professional answers to their ad hoc questions, without incurring a fixed monthly cost.<\/div>\n              <\/div>\n              <div class=\"pricing-plan-link\">\n                <a href=\"https:\/\/opussimplex.com\/english\/#rowConsult\" class=\"os-btn under outline\">I would like to receive an offer<\/a>\n              <\/div><\/div>\n    <\/div>\n  <\/div><\/div><\/div><\/div><\/div><div class=\"vc_row wpb_row vc_row-fluid\"><div class=\"wpb_column vc_column_container vc_col-sm-3\"><div class=\"vc_column-inner\"><div class=\"wpb_wrapper\"><\/div><\/div><\/div><div class=\"wpb_column vc_column_container vc_col-sm-6 vc_col-has-fill\"><div class=\"vc_column-inner vc_custom_1490568008707\"><div class=\"wpb_wrapper\">\n\t<div class=\"wpb_text_column wpb_content_element\" >\n\t\t<div class=\"wpb_wrapper\">\n\t\t\t<h4 class=\"p1\" style=\"text-align: center;\">Project work?<\/h4>\n<p class=\"p1\" style=\"text-align: center;\"><span class=\"s1\">In addition to our flat rate and hourly rate based services, you can request an offer for project assignments at a fixed rate. In this case settlement will only take place when the project is closed.<\/span><\/p>\n<p class=\"p1\" style=\"text-align: center;\"><a style=\"\" href=\"https:\/\/opussimplex.com\/english\/#rowConsult\" class=\"os-btn black squared small\" title=\"\"><span>I would like to receive an offer<\/span><\/a><\/p>\n\n\t\t<\/div>\n\t<\/div>\n<\/div><\/div><\/div><div class=\"wpb_column vc_column_container vc_col-sm-3\"><div class=\"vc_column-inner\"><div class=\"wpb_wrapper\"><\/div><\/div><\/div><\/div>","protected":false},"excerpt":{"rendered":"Kinek aj\u00e1nljuk? Azoknak az \u00fcgyfeleinknek, akik eseti k\u00e9rd\u00e9seikre szeretn\u00e9nek gyors, szakmai v\u00e1laszt kapni, fix havi k\u00f6lts\u00e9g v\u00e1llal\u00e1sa n\u00e9lk\u00fcl.","protected":false},"author":1,"featured_media":0,"parent":2463,"menu_order":0,"comment_status":"closed","ping_status":"closed","template":"page-home.php","meta":{"footnotes":""},"class_list":["post-756","page","type-page","status-publish","hentry"],"_links":{"self":[{"href":"https:\/\/opussimplex.com\/english\/wp-json\/wp\/v2\/pages\/756","targetHints":{"allow":["GET"]}}],"collection":[{"href":"https:\/\/opussimplex.com\/english\/wp-json\/wp\/v2\/pages"}],"about":[{"href":"https:\/\/opussimplex.com\/english\/wp-json\/wp\/v2\/types\/page"}],"author":[{"embeddable":true,"href":"https:\/\/opussimplex.com\/english\/wp-json\/wp\/v2\/users\/1"}],"replies":[{"embeddable":true,"href":"https:\/\/opussimplex.com\/english\/wp-json\/wp\/v2\/comments?post=756"}],"version-history":[{"count":11,"href":"https:\/\/opussimplex.com\/english\/wp-json\/wp\/v2\/pages\/756\/revisions"}],"predecessor-version":[{"id":3759,"href":"https:\/\/opussimplex.com\/english\/wp-json\/wp\/v2\/pages\/756\/revisions\/3759"}],"up":[{"embeddable":true,"href":"https:\/\/opussimplex.com\/english\/wp-json\/wp\/v2\/pages\/2463"}],"wp:attachment":[{"href":"https:\/\/opussimplex.com\/english\/wp-json\/wp\/v2\/media?parent=756"}],"curies":[{"name":"wp","href":"https:\/\/api.w.org\/{rel}","templated":true}]}}